{"id":97,"date":"2019-01-10T17:20:33","date_gmt":"2019-01-10T16:20:33","guid":{"rendered":"http:\/\/wordpress.destino-therapie.de\/?page_id=97"},"modified":"2023-02-17T09:23:26","modified_gmt":"2023-02-17T08:23:26","slug":"kontakt","status":"publish","type":"page","link":"https:\/\/destino-therapie.de\/?page_id=97","title":{"rendered":"KONTAKT"},"content":{"rendered":"<p><div class=\"fusion-fullwidth fullwidth-box nonhundred-percent-fullwidth non-hundred-percent-height-scrolling\"  style='background-color: rgba(255,255,255,0);background-position: center center;background-repeat: no-repeat;padding-top:0px;padding-right:75px;padding-bottom:0px;padding-left:75px;'><div class=\"fusion-builder-row fusion-row \"><div  class=\"fusion-layout-column fusion_builder_column fusion_builder_column_1_1  fusion-one-full fusion-column-first fusion-column-last 1_1\"  style='margin-top:20px;margin-bottom:20px;'>\n\t\t\t\t\t<div class=\"fusion-column-wrapper\" style=\"padding: 0px 0px 0px 0px;background-position:left top;background-repeat:no-repeat;-webkit-background-size:cover;-moz-background-size:cover;-o-background-size:cover;background-size:cover;\"  data-bg-url=\"\">\n\t\t\t\t\t\t<div class=\"fusion-text\"><h1 style=\"text-align: center;\"><strong>KONTAKT<\/strong><\/h1>\n<\/div><div class=\"fusion-clearfix\"><\/div>\n\n\t\t\t\t\t<\/div>\n\t\t\t\t<\/div><\/div><\/div><div class=\"fusion-fullwidth fullwidth-box nonhundred-percent-fullwidth non-hundred-percent-height-scrolling\"  style='background-color: rgba(255,255,255,0);background-position: center center;background-repeat: no-repeat;padding-top:0px;padding-right:10%;padding-bottom:0px;padding-left:10%;'><div class=\"fusion-builder-row fusion-row \"><div  class=\"fusion-layout-column fusion_builder_column fusion_builder_column_2_3  fusion-two-third fusion-column-first 2_3\"  style='margin-top:20px;margin-bottom:20px;width:66.66%;width:calc(66.66% - ( ( 4% ) * 0.6666 ) );margin-right: 4%;'>\n\t\t\t\t\t<div class=\"fusion-column-wrapper\" style=\"padding: 0px 0px 0px 0px;background-position:left top;background-repeat:no-repeat;-webkit-background-size:cover;-moz-background-size:cover;-o-background-size:cover;background-size:cover;\"  data-bg-url=\"\">\n\t\t\t\t\t\t<div class=\"fusion-text\"><p align=\"justify\">Bei Interesse nehmen Sie bitte Kontakt zu mir auf. Ich freue mich auf Ihren Anruf. Nat\u00fcrlich d\u00fcrfen Sie mir auch gerne eine E-Mail schreiben.<\/p>\n<p><strong>Telefon<\/strong>: 01590 2155 616<br \/>\n<strong>E-Mail<\/strong> : destino-therapie (at) wtnet.de<\/p>\n<p align=\"justify\">Mit meiner mobilen Praxis behandle ich nicht nur im Raum <strong>Stuttgart <\/strong>und <strong>Schleswig-Holstein,<\/strong> sondern bin auch regelm\u00e4\u00dfig in <strong>D\u00e4nemark<\/strong> und in <strong>Norwegen<\/strong>. Zur Abstimmung von Terminen rufen Sie mich einfach an oder schreiben Sie eine E-Mail. Wenn Sie einen Behandlungstermin ausmachen m\u00f6chten oder eine Frage haben erreichen Sie mich am besten per Mail oder Telefon.<\/p>\n<\/div><div class=\"fusion-clearfix\"><\/div>\n\n\t\t\t\t\t<\/div>\n\t\t\t\t<\/div><div  class=\"fusion-layout-column fusion_builder_column fusion_builder_column_1_3  fusion-one-third fusion-column-last 1_3\"  style='margin-top:20px;margin-bottom:20px;width:33.33%;width:calc(33.33% - ( ( 4% ) * 0.3333 ) );'>\n\t\t\t\t\t<div class=\"fusion-column-wrapper\" style=\"padding: 0px 0px 0px 0px;background-position:left top;background-repeat:no-repeat;-webkit-background-size:cover;-moz-background-size:cover;-o-background-size:cover;background-size:cover;\"  data-bg-url=\"\">\n\t\t\t\t\t\t<div class=\"imageframe-align-center\"><div class=\"fusion-image-frame-bottomshadow image-frame-shadow-1\"><style scoped=\"scoped\">.element-bottomshadow.image-frame-shadow-1{display:inline-block}.element-bottomshadow.imageframe-1:before, .element-bottomshadow.imageframe-1:after{-webkit-box-shadow: 0 17px 10px rgba(44,102,0,0.4);box-shadow: 0 17px 10px rgba(44,102,0,0.4);}<\/style><span class=\"fusion-imageframe imageframe-bottomshadow imageframe-1 element-bottomshadow hover-type-none\"><a href=\"http:\/\/destino-therapie.de\/wp-content\/uploads\/2019\/01\/150-1000.jpg\" class=\"fusion-lightbox\" data-rel=\"iLightbox[78a4c181b0ff5a59a96]\" data-title=\"\u00a9Siri Troll S.\" title=\"\u00a9Siri Troll S.\"><img decoding=\"async\" loading=\"lazy\" src=\"http:\/\/destino-therapie.de\/wp-content\/uploads\/2019\/01\/150-1000.jpg\" width=\"\" height=\"\" alt=\"\u00a9Siri Troll S.\" class=\"img-responsive wp-image-250\" srcset=\"https:\/\/destino-therapie.de\/wp-content\/uploads\/2019\/01\/150-1000-200x300.jpg 200w, https:\/\/destino-therapie.de\/wp-content\/uploads\/2019\/01\/150-1000-400x600.jpg 400w, https:\/\/destino-therapie.de\/wp-content\/uploads\/2019\/01\/150-1000-600x900.jpg 600w, https:\/\/destino-therapie.de\/wp-content\/uploads\/2019\/01\/150-1000.jpg 667w\" sizes=\"(max-width: 750px) 100vw, 600px\" \/><\/a><\/span><\/div><\/div><div class=\"fusion-clearfix\"><\/div>\n\n\t\t\t\t\t<\/div>\n\t\t\t\t<\/div><\/div><\/div><div class=\"fusion-fullwidth fullwidth-box nonhundred-percent-fullwidth non-hundred-percent-height-scrolling\"  style='background-color: rgba(255,255,255,0);background-position: center center;background-repeat: no-repeat;padding-top:0px;padding-right:10%;padding-bottom:0px;padding-left:10%;'><div class=\"fusion-builder-row fusion-row \"><div  class=\"fusion-layout-column fusion_builder_column fusion_builder_column_1_1  fusion-one-full fusion-column-first fusion-column-last 1_1\"  style='margin-top:20px;margin-bottom:20px;'>\n\t\t\t\t\t<div class=\"fusion-column-wrapper\" style=\"padding: 0px 0px 0px 0px;background-position:left top;background-repeat:no-repeat;-webkit-background-size:cover;-moz-background-size:cover;-o-background-size:cover;background-size:cover;\"  data-bg-url=\"\">\n\t\t\t\t\t\t<div class=\"imageframe-align-center\"><div class=\"fusion-image-frame-bottomshadow image-frame-shadow-2\"><style scoped=\"scoped\">.element-bottomshadow.image-frame-shadow-2{display:inline-block}.element-bottomshadow.imageframe-2:before, .element-bottomshadow.imageframe-2:after{-webkit-box-shadow: 0 17px 10px rgba(44,102,0,0.4);box-shadow: 0 17px 10px rgba(44,102,0,0.4);}<\/style><span class=\"fusion-imageframe imageframe-bottomshadow imageframe-2 element-bottomshadow hover-type-none\"><a href=\"http:\/\/destino-therapie.de\/wp-content\/uploads\/2019\/01\/Kontakte-1000-1.jpg\" class=\"fusion-lightbox\" data-rel=\"iLightbox[39e766f1634983105c5]\" data-title=\"Kontakte \u00a9Lena D.\" title=\"Kontakte \u00a9Lena D.\"><img decoding=\"async\" loading=\"lazy\" src=\"http:\/\/destino-therapie.de\/wp-content\/uploads\/2019\/01\/Kontakte-1000-1.jpg\" width=\"\" height=\"\" alt=\"Kontakte \u00a9Lena D.\" class=\"img-responsive wp-image-432\" srcset=\"https:\/\/destino-therapie.de\/wp-content\/uploads\/2019\/01\/Kontakte-1000-1-200x133.jpg 200w, https:\/\/destino-therapie.de\/wp-content\/uploads\/2019\/01\/Kontakte-1000-1-400x267.jpg 400w, https:\/\/destino-therapie.de\/wp-content\/uploads\/2019\/01\/Kontakte-1000-1-600x400.jpg 600w, https:\/\/destino-therapie.de\/wp-content\/uploads\/2019\/01\/Kontakte-1000-1-800x534.jpg 800w, https:\/\/destino-therapie.de\/wp-content\/uploads\/2019\/01\/Kontakte-1000-1.jpg 1000w\" sizes=\"(max-width: 750px) 100vw, 1000px\" \/><\/a><\/span><\/div><\/div><div class=\"fusion-clearfix\"><\/div>\n\n\t\t\t\t\t<\/div>\n\t\t\t\t<\/div><\/div><\/div><\/p>\n","protected":false},"excerpt":{"rendered":"","protected":false},"author":1,"featured_media":0,"parent":0,"menu_order":0,"comment_status":"closed","ping_status":"closed","template":"","meta":[],"_links":{"self":[{"href":"https:\/\/destino-therapie.de\/index.php?rest_route=\/wp\/v2\/pages\/97"}],"collection":[{"href":"https:\/\/destino-therapie.de\/index.php?rest_route=\/wp\/v2\/pages"}],"about":[{"href":"https:\/\/destino-therapie.de\/index.php?rest_route=\/wp\/v2\/types\/page"}],"author":[{"embeddable":true,"href":"https:\/\/destino-therapie.de\/index.php?rest_route=\/wp\/v2\/users\/1"}],"replies":[{"embeddable":true,"href":"https:\/\/destino-therapie.de\/index.php?rest_route=%2Fwp%2Fv2%2Fcomments&post=97"}],"version-history":[{"count":22,"href":"https:\/\/destino-therapie.de\/index.php?rest_route=\/wp\/v2\/pages\/97\/revisions"}],"predecessor-version":[{"id":607,"href":"https:\/\/destino-therapie.de\/index.php?rest_route=\/wp\/v2\/pages\/97\/revisions\/607"}],"wp:attachment":[{"href":"https:\/\/destino-therapie.de\/index.php?rest_route=%2Fwp%2Fv2%2Fmedia&parent=97"}],"curies":[{"name":"wp","href":"https:\/\/api.w.org\/{rel}","templated":true}]}}