{"id":91,"date":"2019-01-10T17:20:10","date_gmt":"2019-01-10T16:20:10","guid":{"rendered":"http:\/\/wordpress.destino-therapie.de\/?page_id=91"},"modified":"2023-02-17T09:40:49","modified_gmt":"2023-02-17T08:40:49","slug":"impressum","status":"publish","type":"page","link":"https:\/\/destino-therapie.de\/?page_id=91","title":{"rendered":"IMPRESSUM"},"content":{"rendered":"<p><div class=\"fusion-fullwidth fullwidth-box nonhundred-percent-fullwidth non-hundred-percent-height-scrolling\"  style='background-color: rgba(255,255,255,0);background-position: center center;background-repeat: no-repeat;padding-top:0px;padding-right:75px;padding-bottom:0px;padding-left:75px;'><div class=\"fusion-builder-row fusion-row \"><div  class=\"fusion-layout-column fusion_builder_column fusion_builder_column_1_1  fusion-one-full fusion-column-first fusion-column-last 1_1\"  style='margin-top:20px;margin-bottom:20px;'>\n\t\t\t\t\t<div class=\"fusion-column-wrapper\" style=\"padding: 0px 0px 0px 0px;background-position:left top;background-repeat:no-repeat;-webkit-background-size:cover;-moz-background-size:cover;-o-background-size:cover;background-size:cover;\"  data-bg-url=\"\">\n\t\t\t\t\t\t<div class=\"fusion-text\"><h1 style=\"text-align: center;\"><strong>IMPRESSUM<\/strong><\/h1>\n<\/div><div class=\"fusion-clearfix\"><\/div>\n\n\t\t\t\t\t<\/div>\n\t\t\t\t<\/div><\/div><\/div><div class=\"fusion-fullwidth fullwidth-box nonhundred-percent-fullwidth non-hundred-percent-height-scrolling\"  style='background-color: rgba(255,255,255,0);background-position: center center;background-repeat: no-repeat;padding-top:0px;padding-right:10%;padding-bottom:0px;padding-left:10%;'><div class=\"fusion-builder-row fusion-row \"><div  class=\"fusion-layout-column fusion_builder_column fusion_builder_column_2_3  fusion-two-third fusion-column-first 2_3\"  style='margin-top:20px;margin-bottom:20px;width:66.66%;width:calc(66.66% - ( ( 4% ) * 0.6666 ) );margin-right: 4%;'>\n\t\t\t\t\t<div class=\"fusion-column-wrapper\" style=\"padding: 0px 0px 0px 0px;background-position:left top;background-repeat:no-repeat;-webkit-background-size:cover;-moz-background-size:cover;-o-background-size:cover;background-size:cover;\"  data-bg-url=\"\">\n\t\t\t\t\t\t<div class=\"fusion-text\"><p>Verantwortlich f\u00fcr den <span style=\"color: #2c6600;\"><strong>Inhalt der Seite<\/strong><\/span><\/p>\n<p style=\"padding-left: 60px;\">Solveig H\u00fcbner<br \/>\nHangweg 46\/1<br \/>\n72669 Unterensingen<br \/>\nTelefon: 01590 2155 616<br \/>\nE-mail : destino-therapie (at) wtnet.de<br \/>\nSteuernummer: 20\/ 054\/64494<br \/>\nKleinunternehmen im Sinne \u00a7 19 UStG<\/p>\n<p>Verantwortlich f\u00fcr das <span style=\"color: #2c6600;\"><strong>Layout und Design<\/strong><\/span><\/p>\n<p style=\"padding-left: 60px;\">Katharina Hansen-Gluschitz<br \/>\n<a href=\"http:\/\/www.KHansenGluschitz.de\" target=\"_blank\" rel=\"noopener noreferrer\">www.KHansenGluschitz.de<\/a><\/p>\n<p><strong><span style=\"color: #2c6600;\">Fotos<\/span>:<\/strong> Katarina Stange Nilsen, Herold H\u00fcbner, Lena D., Siri Troll S., Pia Heibach<\/p>\n<p>www.KHansenGluschitz.deDie auf dieser Webseite ver\u00f6ffentlichten Texte, Daten und Bilder unterliegen dem Urheberschutz. Sie d\u00fcrfen ohne schrifltiche Erlaubnis von Solveig H\u00fcbner in keiner Form verwendet werden.<\/p>\n<\/div><div class=\"fusion-text\"><h3><a href=\"http:\/\/wordpress.destino-therapie.de\/datenschutz\/\">DATENSCHUTZ<\/a><\/h3>\n<h3><a href=\"http:\/\/wordpress.destino-therapie.de\/haftungsausschluss\/\">HAFTUNGSAUSSCHLUSS<\/a><\/h3>\n<h3><\/h3>\n<\/div><div class=\"fusion-clearfix\"><\/div>\n\n\t\t\t\t\t<\/div>\n\t\t\t\t<\/div><div  class=\"fusion-layout-column fusion_builder_column fusion_builder_column_1_3  fusion-one-third fusion-column-last 1_3\"  style='margin-top:20px;margin-bottom:20px;width:33.33%;width:calc(33.33% - ( ( 4% ) * 0.3333 ) );'>\n\t\t\t\t\t<div class=\"fusion-column-wrapper\" style=\"padding: 0px 0px 0px 0px;background-position:left top;background-repeat:no-repeat;-webkit-background-size:cover;-moz-background-size:cover;-o-background-size:cover;background-size:cover;\"  data-bg-url=\"\">\n\t\t\t\t\t\t<div class=\"imageframe-align-center\"><div class=\"fusion-image-frame-bottomshadow image-frame-shadow-1\"><style scoped=\"scoped\">.element-bottomshadow.image-frame-shadow-1{display:inline-block}.element-bottomshadow.imageframe-1:before, .element-bottomshadow.imageframe-1:after{-webkit-box-shadow: 0 17px 10px rgba(44,102,0,0.4);box-shadow: 0 17px 10px rgba(44,102,0,0.4);}<\/style><span class=\"fusion-imageframe imageframe-bottomshadow imageframe-1 element-bottomshadow hover-type-none\"><a href=\"http:\/\/wordpress.destino-therapie.de\/wp-content\/uploads\/2019\/01\/DSC_8739.jpg\" class=\"fusion-lightbox\" data-rel=\"iLightbox[4d561b50326e233afa5]\" data-title=\"\u00a9Herold H\u00fcbner\" title=\"\u00a9Herold H\u00fcbner\"><img decoding=\"async\" loading=\"lazy\" src=\"http:\/\/wordpress.destino-therapie.de\/wp-content\/uploads\/2019\/01\/DSC_8739.jpg\" width=\"\" height=\"\" alt=\"\u00a9Herold H\u00fcbner\" class=\"img-responsive wp-image-19\"\/><\/a><\/span><\/div><\/div><div class=\"fusion-section-separator section-separator\" style=\"padding:0;margin-left:-0px;margin-right:-0px;\"><svg id=\"curvedCandy\" xmlns=\"http:\/\/www.w3.org\/2000\/svg\" version=\"1.1\" width=\"100%\" height=\"100\" viewBox=\"0 0 100 100\" preserveAspectRatio=\"none\" style=\"fill:rgba(246,246,246,0);padding:0;\"><path d=\"M0 100 C 20 0 50 0 100 100 Z\"><\/path><\/svg><\/div><div class=\"imageframe-align-center\"><div class=\"fusion-image-frame-bottomshadow image-frame-shadow-2\"><style scoped=\"scoped\">.element-bottomshadow.image-frame-shadow-2{display:inline-block}.element-bottomshadow.imageframe-2:before, .element-bottomshadow.imageframe-2:after{-webkit-box-shadow: 0 17px 10px rgba(44,102,0,0.4);box-shadow: 0 17px 10px rgba(44,102,0,0.4);}<\/style><span class=\"fusion-imageframe imageframe-bottomshadow imageframe-2 element-bottomshadow hover-type-none\"><a href=\"http:\/\/destino-therapie.de\/wp-content\/uploads\/2019\/01\/122_Bildgro\u0308\u00dfe-a\u0308ndern-400x267.jpg\" class=\"fusion-lightbox\" data-rel=\"iLightbox[1ca1207fd04f07e67c1]\" data-title=\"\u00a9Pia Heibach\" title=\"\u00a9Pia Heibach\"><img decoding=\"async\" loading=\"lazy\" src=\"http:\/\/destino-therapie.de\/wp-content\/uploads\/2019\/01\/122_Bildgro\u0308\u00dfe-a\u0308ndern-400x267.jpg\" width=\"400\" height=\"267\" alt=\"\u00a9Pia Heibach\" class=\"img-responsive wp-image-366\" srcset=\"https:\/\/destino-therapie.de\/wp-content\/uploads\/2019\/01\/122_Bildgro\u0308\u00dfe-a\u0308ndern-200x133.jpg 200w, https:\/\/destino-therapie.de\/wp-content\/uploads\/2019\/01\/122_Bildgro\u0308\u00dfe-a\u0308ndern-400x267.jpg 400w, https:\/\/destino-therapie.de\/wp-content\/uploads\/2019\/01\/122_Bildgro\u0308\u00dfe-a\u0308ndern-600x400.jpg 600w, https:\/\/destino-therapie.de\/wp-content\/uploads\/2019\/01\/122_Bildgro\u0308\u00dfe-a\u0308ndern-800x534.jpg 800w, https:\/\/destino-therapie.de\/wp-content\/uploads\/2019\/01\/122_Bildgro\u0308\u00dfe-a\u0308ndern.jpg 1000w\" sizes=\"(max-width: 750px) 100vw, 600px\" \/><\/a><\/span><\/div><\/div><div class=\"fusion-clearfix\"><\/div>\n\n\t\t\t\t\t<\/div>\n\t\t\t\t<\/div><\/div><\/div><\/p>\n","protected":false},"excerpt":{"rendered":"","protected":false},"author":1,"featured_media":0,"parent":0,"menu_order":0,"comment_status":"closed","ping_status":"closed","template":"","meta":[],"_links":{"self":[{"href":"https:\/\/destino-therapie.de\/index.php?rest_route=\/wp\/v2\/pages\/91"}],"collection":[{"href":"https:\/\/destino-therapie.de\/index.php?rest_route=\/wp\/v2\/pages"}],"about":[{"href":"https:\/\/destino-therapie.de\/index.php?rest_route=\/wp\/v2\/types\/page"}],"author":[{"embeddable":true,"href":"https:\/\/destino-therapie.de\/index.php?rest_route=\/wp\/v2\/users\/1"}],"replies":[{"embeddable":true,"href":"https:\/\/destino-therapie.de\/index.php?rest_route=%2Fwp%2Fv2%2Fcomments&post=91"}],"version-history":[{"count":17,"href":"https:\/\/destino-therapie.de\/index.php?rest_route=\/wp\/v2\/pages\/91\/revisions"}],"predecessor-version":[{"id":609,"href":"https:\/\/destino-therapie.de\/index.php?rest_route=\/wp\/v2\/pages\/91\/revisions\/609"}],"wp:attachment":[{"href":"https:\/\/destino-therapie.de\/index.php?rest_route=%2Fwp%2Fv2%2Fmedia&parent=91"}],"curies":[{"name":"wp","href":"https:\/\/api.w.org\/{rel}","templated":true}]}}