{"id":7,"date":"2019-01-10T15:17:16","date_gmt":"2019-01-10T14:17:16","guid":{"rendered":"http:\/\/destino-therapie.de\/?page_id=7"},"modified":"2023-02-17T11:18:21","modified_gmt":"2023-02-17T10:18:21","slug":"uebermich","status":"publish","type":"page","link":"https:\/\/destino-therapie.de\/?page_id=7","title":{"rendered":"\u00dcBERMICH"},"content":{"rendered":"<p><div class=\"fusion-fullwidth fullwidth-box nonhundred-percent-fullwidth non-hundred-percent-height-scrolling\"  style='background-color: rgba(255,255,255,0);background-position: center center;background-repeat: no-repeat;padding-top:0px;padding-right:10%;padding-bottom:0px;padding-left:10%;'><div class=\"fusion-builder-row fusion-row \"><div  class=\"fusion-layout-column fusion_builder_column fusion_builder_column_1_1  fusion-one-full fusion-column-first fusion-column-last 1_1\"  style='margin-top:20px;margin-bottom:20px;'>\n\t\t\t\t\t<div class=\"fusion-column-wrapper\" style=\"padding: 0px 0px 0px 0px;background-position:left top;background-repeat:no-repeat;-webkit-background-size:cover;-moz-background-size:cover;-o-background-size:cover;background-size:cover;\"  data-bg-url=\"\">\n\t\t\t\t\t\t<div class=\"fusion-title title fusion-sep-none fusion-title-size-one\" style=\"margin-top:0px;margin-bottom:31px;\"><h1 class=\"title-heading-left\"><h1 style=\"text-align: center;\"><strong>\u00dcBER MICH<\/strong><\/h1><\/h1><\/div><div class=\"fusion-clearfix\"><\/div>\n\n\t\t\t\t\t<\/div>\n\t\t\t\t<\/div><\/div><\/div><div class=\"fusion-fullwidth fullwidth-box nonhundred-percent-fullwidth non-hundred-percent-height-scrolling\"  style='background-color: rgba(255,255,255,0);background-position: center center;background-repeat: no-repeat;padding-top:0px;padding-right:10%;padding-bottom:0px;padding-left:10%;'><div class=\"fusion-builder-row fusion-row \"><div  class=\"fusion-layout-column fusion_builder_column fusion_builder_column_4_5  fusion-four-fifth fusion-column-first 4_5\"  style='margin-top:20px;margin-bottom:20px;width:80%;width:calc(80% - ( ( 4% ) * 0.8 ) );margin-right: 4%;'>\n\t\t\t\t\t<div class=\"fusion-column-wrapper\" style=\"padding: 0px 0px 0px 0px;background-position:left top;background-repeat:no-repeat;-webkit-background-size:cover;-moz-background-size:cover;-o-background-size:cover;background-size:cover;\"  data-bg-url=\"\">\n\t\t\t\t\t\t<div class=\"fusion-text\"><p align=\"justify\">Seit 2015 bin ich selbst\u00e4ndig und stehe seitdem den Pferden und ihren Menschen begleitend zur Seite. Ich bin Ethnologin\/Volkskundlerin und gelernte Pferdefachtherapeutin f\u00fcr Osteopathie und Training. Meine Themenschwerpunkte sind die ganzheitliche Betrachtung vom Partner Pferd und die Beziehung von Mensch und Tier. Dabei steht die pferdegerechte Ausbildung nach biomechanischen Aspekten stets im Fokus der Ausbildung vom Partner Pferd und seinen Besitzern.<\/p>\n<p align=\"justify\">Mir ist ein bewusster und respektvoller Umgang mit den Pferden und ihren Menschen wichtig. Wenn man das Verhalten des Pferdes achtet, genau hinschaut und h\u00f6rt, ben\u00f6tigt man keine manipulierenden Hilfsmittel, daf\u00fcr jedoch viel Geduld, Konsequenz und eine gro\u00dfe Portion Selbstreflexion.<\/p>\n<\/div><div class=\"fusion-text\"><h2><strong>WIE ALLES BEGANN<\/strong><\/h2>\n<p align=\"justify\">Schon als Kind entwickelte ich eine gro\u00dfe Leidenschaft f\u00fcr die Pferde. Fr\u00fch begann ich, in diversen Reitschulen reiten zu lernen. H\u00e4ufig war ich nach dem Unterricht auf den Schulpferden , die ausgebunden und in Abteilung im Unterricht gehen mussten, gefrustet.<\/p>\n<p align=\"justify\">Bevor ich den Spa\u00df am Reiten verlor, bekam ich mit 12 Jahren\u00a0 meine erste Reitbeteiligung und seitdem bestimmen die Pferde meine Freizeit.<\/p>\n<p align=\"justify\">In den Ferien half ich auf der R\u00f8m\u00f8 Ranch in D\u00e4nemark aus, wo ich mit 14 Jahren begann selbst\u00e4ndig Touristengruppen mit bis zu 10 Pferden \u00fcber die Insel zu f\u00fchren.<\/p>\n<p align=\"justify\">Das machte mir sehr viel Spa\u00df und so f\u00f6rderten mich meine Eltern, indem sie mir 2 Junghengste im Fohlenalter kauften. Ab diesem Zeitpunkt begann meine eigentliche Ausbildung. Die beiden Junghengste \u00fcbernahmen meine F\u00f6rderung im ganzheitlichen Sinne.<\/p>\n<\/div><div class=\"fusion-text\"><p align=\"justify\">So bekam ich fr\u00fch Kontakt mit dem <b>Horsemanship<\/b>, <b>F\u00fchren<\/b>, <b>Beziehungsarbeit<\/b> und <b>Erziehung von Jungpferden<\/b> bzw. <b>-Hengsten<\/b>. Ich ritt diese selbstst\u00e4ndig 4-j\u00e4hrig an. Diverse Trainer, unter anderem Melanie Buhlmann,\u00a0 unterrichteten mich im Horsemanship und in der klassischen Dressur im Sinne der L`\u00e9g\u00e8ret\u00e9 nach Philippe Karl.<\/p>\n<p align=\"justify\">Nach dem Abitur 2011 ging ich f\u00fcr ein Jahr nach Norwegen auf ein Internat mit dem Hauptfach Pferd, wo ich von Elisabeth Haukeland, einer Pferdepysiotherapeutin und Trainerin unterrichtet wurde. Ich wurde u.a. in <b>Dressur<\/b>, <b>Springen<\/b>, <b>Fahren<\/b>, <b>Langz\u00fcgelarbeit<\/b>, <b>Stall Management<\/b>, <b>traditionelle Packpferdearbeit<\/b> und in diversen <b>Trainingskonzepten<\/b> in Theorie und Praxis unterwiesen.<\/p>\n<p align=\"justify\">Nach diesem sehr intensiven Jahr, war meine Begeisterung f\u00fcr den Beruf eines Pferdephysiotherapeuten geweckt und f\u00fcr mich stand eines fest:<\/p>\n<h2><strong>MEIN LEBEN WIDME ICH DEN PFERDEN!<\/strong><\/h2>\n<\/div><div class=\"fusion-text\"><h2><strong>AUSBILDUNG<\/strong><\/h2>\n<p align=\"justify\">So begann ich meine Ausbildung bei<b> <\/b><b><a href=\"http:\/\/www.equo-vadis.de\" target=\"_blank\" rel=\"noopener noreferrer\">EquoVadis<\/a><\/b> zum<span style=\"color: #808080;\"> <b>Osteopathen,<\/b> <b>Pferdegesundheitstrainer<\/b> und <b>Pferdemanager<\/b>. <\/span>Parallel machte ich einige Praktika und zog schlie\u00dflich zu Gerd R\u00f6mbke und <a href=\"http:\/\/www.pferdegesundheitsberatung.de\"><strong>Karin Kattwinkel <\/strong><\/a>(EquoVadis) f\u00fcr ein Jahr auf den Hof. Gerd R\u00f6mbke unterwies mich fast t\u00e4glich in <span style=\"color: #808080;\"><b>Freiheitsdressur<\/b> und <b>Dressur<\/b>. Zu meinen t\u00e4glichen Aufgaben geh\u00f6rte das <b>Reha-Training<\/b> und <b>Physiotherapie<\/b>, <b>Beritt<\/b>, <b>Stall Management <\/b>und das <b>Betreuen diverser Seminare<\/b> au<\/span>f dem Hof.<\/p>\n<p align=\"justify\">Meine Ausbildung zum Pferdegesundheitstrainer und Pferdefachtherapeuten schloss ich mit Bravour ab und arbeite seitdem als mobiler Therapeut und Trainer. Auf Anfragen f\u00fchre ich auch gerne Seminare auf Ihrem Hof durch.<\/p>\n<p align=\"justify\">Durch die Ausbildung liegt mein Fokus noch intensiver i<span style=\"color: #808080;\">n der <b><\/b><\/span><span style=\"color: #333333;\"><span style=\"color: #808080;\"><b>ganzheitlichen Arbeit<\/b> mi<\/span><\/span><span style=\"color: #808080;\">t d<\/span>en Pferden und ihren Reitern. In meinem Unterricht und Kursen baue ich verst\u00e4rkt die bewegungsphysiologischen Grundlagen von Pferd und Reiter mit ein. Um mein Wissen stetig zu erweitern, nehme ich regelm\u00e4\u00dfig an Fortbildungen teil.<\/p>\n<\/div><div class=\"fusion-text\"><h2>STUDIUM<\/h2>\n<p align=\"justify\">Nach Abschluss meiner Ausbildung zum Pferdefachtherapeuten und <strong>Gr\u00fcndung der mobilen Praxis f\u00fcr Osteopathie, Physiotherapie und Training<\/strong> stand eins f\u00fcr mich fest. Das konnte nicht alles sein!<\/p>\n<p align=\"justify\">Also begann ich ein <strong>Bachelorstudium<\/strong> im Fach <strong>Skandinavistik<\/strong> und <strong>Europ\u00e4ische Ethnologie<\/strong> an der Christian-Albrechts Universit\u00e4t zu Kiel (CAU). Warum Skandinavistik? Weil mich das Fach seit meinem Norwegenaufenthalt nicht mehr los lies. Warum Europ\u00e4ische Ethnologie? Weil unser Alltag unsere Kultur ist!<\/p>\n<p align=\"justify\">Meine <strong>Abschlussarbeit widmete ich den Pferden<\/strong> und erforschte, ob das <strong>Tier als Subjekt<\/strong> in der Wissenschaft anerkannt ist. So legte ich meinen Schwerpunkt auf die <strong>Human-Animal-Studies<\/strong> (die Tier-Mensch Beziehungen).<\/p>\n<\/div><div class=\"fusion-clearfix\"><\/div>\n\n\t\t\t\t\t<\/div>\n\t\t\t\t<\/div><div  class=\"fusion-layout-column fusion_builder_column fusion_builder_column_1_5  fusion-one-fifth fusion-column-last 1_5\"  style='margin-top:20px;margin-bottom:20px;width:20%;width:calc(20% - ( ( 4% ) * 0.2 ) );'>\n\t\t\t\t\t<div class=\"fusion-column-wrapper\" style=\"padding: 0px 0px 0px 0px;background-position:left top;background-repeat:no-repeat;-webkit-background-size:cover;-moz-background-size:cover;-o-background-size:cover;background-size:cover;\"  data-bg-url=\"\">\n\t\t\t\t\t\t<div class=\"fusion-sep-clear\"><\/div><div class=\"fusion-separator fusion-full-width-sep sep-none\" style=\"margin-left: auto;margin-right: auto;margin-top:15px;\"><\/div><div class=\"imageframe-align-center\"><div class=\"fusion-image-frame-bottomshadow image-frame-shadow-1\"><style scoped=\"scoped\">.element-bottomshadow.image-frame-shadow-1{display:inline-block}.element-bottomshadow.imageframe-1:before, .element-bottomshadow.imageframe-1:after{-webkit-box-shadow: 0 17px 10px rgba(44,102,0,0.4);box-shadow: 0 17px 10px rgba(44,102,0,0.4);}<\/style><span class=\"fusion-imageframe imageframe-bottomshadow imageframe-1 element-bottomshadow hover-type-none\"><a href=\"http:\/\/destino-therapie.de\/wp-content\/uploads\/2019\/02\/bewerbungsfoto-s-w-klassisch.jpg\" class=\"fusion-lightbox\" data-rel=\"iLightbox[1d0d42c5e7695d435e2]\" data-caption=\"Solveig H\u00fcbner \u00a9Marcel\" data-title=\"Solveig H\u00fcbner \u00a9Marcel\" title=\"Solveig H\u00fcbner \u00a9Marcel\"><img decoding=\"async\" loading=\"lazy\" src=\"http:\/\/destino-therapie.de\/wp-content\/uploads\/2019\/02\/bewerbungsfoto-s-w-klassisch.jpg\" width=\"\" height=\"\" alt=\"Solveig H\u00fcbner \u00a9Marcel\" class=\"img-responsive wp-image-457\" srcset=\"https:\/\/destino-therapie.de\/wp-content\/uploads\/2019\/02\/bewerbungsfoto-s-w-klassisch-200x133.jpg 200w, https:\/\/destino-therapie.de\/wp-content\/uploads\/2019\/02\/bewerbungsfoto-s-w-klassisch-400x267.jpg 400w, https:\/\/destino-therapie.de\/wp-content\/uploads\/2019\/02\/bewerbungsfoto-s-w-klassisch-600x400.jpg 600w, https:\/\/destino-therapie.de\/wp-content\/uploads\/2019\/02\/bewerbungsfoto-s-w-klassisch-800x534.jpg 800w, https:\/\/destino-therapie.de\/wp-content\/uploads\/2019\/02\/bewerbungsfoto-s-w-klassisch.jpg 1063w\" sizes=\"(max-width: 750px) 100vw, 400px\" \/><\/a><\/span><\/div><\/div><div class=\"fusion-section-separator section-separator\" style=\"padding:0;margin-left:-0px;margin-right:-0px;\"><svg id=\"curvedCandy\" xmlns=\"http:\/\/www.w3.org\/2000\/svg\" version=\"1.1\" width=\"100%\" height=\"100\" viewBox=\"0 0 100 100\" preserveAspectRatio=\"none\" style=\"fill:rgba(246,246,246,0);padding:0;\"><path d=\"M0 100 C 20 0 50 0 100 100 Z\"><\/path><\/svg><\/div><div class=\"imageframe-align-center\"><div class=\"fusion-image-frame-bottomshadow image-frame-shadow-2\"><style scoped=\"scoped\">.element-bottomshadow.image-frame-shadow-2{display:inline-block}.element-bottomshadow.imageframe-2:before, .element-bottomshadow.imageframe-2:after{-webkit-box-shadow: 0 17px 10px rgba(44,102,0,0.4);box-shadow: 0 17px 10px rgba(44,102,0,0.4);}<\/style><span class=\"fusion-imageframe imageframe-bottomshadow imageframe-2 element-bottomshadow hover-type-none\"><a href=\"http:\/\/destino-therapie.de\/wp-content\/uploads\/2019\/01\/Freiarbeit1000.jpg\" class=\"fusion-lightbox\" data-rel=\"iLightbox[51054650fe6f80222b3]\" data-title=\"Freiarbeit \u00a9Lena D.\" title=\"Freiarbeit \u00a9Lena D.\"><img decoding=\"async\" loading=\"lazy\" src=\"http:\/\/destino-therapie.de\/wp-content\/uploads\/2019\/01\/Freiarbeit1000.jpg\" width=\"\" height=\"\" alt=\"Freiarbeit \u00a9Lena D.\" class=\"img-responsive wp-image-260\" srcset=\"https:\/\/destino-therapie.de\/wp-content\/uploads\/2019\/01\/Freiarbeit1000-200x133.jpg 200w, https:\/\/destino-therapie.de\/wp-content\/uploads\/2019\/01\/Freiarbeit1000-400x267.jpg 400w, https:\/\/destino-therapie.de\/wp-content\/uploads\/2019\/01\/Freiarbeit1000-600x400.jpg 600w, https:\/\/destino-therapie.de\/wp-content\/uploads\/2019\/01\/Freiarbeit1000-800x534.jpg 800w, https:\/\/destino-therapie.de\/wp-content\/uploads\/2019\/01\/Freiarbeit1000.jpg 1000w\" sizes=\"(max-width: 750px) 100vw, 400px\" \/><\/a><\/span><\/div><\/div><div class=\"fusion-section-separator section-separator\" style=\"padding:0;margin-left:-0px;margin-right:-0px;\"><svg id=\"curvedCandy\" xmlns=\"http:\/\/www.w3.org\/2000\/svg\" version=\"1.1\" width=\"100%\" height=\"100\" viewBox=\"0 0 100 100\" preserveAspectRatio=\"none\" style=\"fill:rgba(246,246,246,0);padding:0;\"><path d=\"M0 100 C 20 0 50 0 100 100 Z\"><\/path><\/svg><\/div><div class=\"imageframe-align-center\"><div class=\"fusion-image-frame-bottomshadow image-frame-shadow-3\"><style scoped=\"scoped\">.element-bottomshadow.image-frame-shadow-3{display:inline-block}.element-bottomshadow.imageframe-3:before, .element-bottomshadow.imageframe-3:after{-webkit-box-shadow: 0 17px 10px rgba(44,102,0,0.4);box-shadow: 0 17px 10px rgba(44,102,0,0.4);}<\/style><span class=\"fusion-imageframe imageframe-bottomshadow imageframe-3 element-bottomshadow hover-type-none\"><a href=\"http:\/\/destino-therapie.de\/wp-content\/uploads\/2019\/01\/DSC_8815.jpg\" class=\"fusion-lightbox\" data-rel=\"iLightbox[ad06a212b83746de2ae]\" data-title=\"\u00a9Herold H\u00fcbner\" title=\"\u00a9Herold H\u00fcbner\"><img decoding=\"async\" loading=\"lazy\" src=\"http:\/\/destino-therapie.de\/wp-content\/uploads\/2019\/01\/DSC_8815-1500-400x604.jpg\" width=\"400\" height=\"604\" alt=\"\u00a9Herold H\u00fcbner\" class=\"img-responsive wp-image-314\" srcset=\"https:\/\/destino-therapie.de\/wp-content\/uploads\/2019\/01\/DSC_8815-1500-200x302.jpg 200w, https:\/\/destino-therapie.de\/wp-content\/uploads\/2019\/01\/DSC_8815-1500-400x604.jpg 400w, https:\/\/destino-therapie.de\/wp-content\/uploads\/2019\/01\/DSC_8815-1500-600x906.jpg 600w, https:\/\/destino-therapie.de\/wp-content\/uploads\/2019\/01\/DSC_8815-1500-800x1208.jpg 800w, https:\/\/destino-therapie.de\/wp-content\/uploads\/2019\/01\/DSC_8815-1500.jpg 1000w\" sizes=\"(max-width: 750px) 100vw, 400px\" \/><\/a><\/span><\/div><\/div><div class=\"fusion-section-separator section-separator\" style=\"padding:0;margin-left:-0px;margin-right:-0px;\"><svg id=\"curvedCandy\" xmlns=\"http:\/\/www.w3.org\/2000\/svg\" version=\"1.1\" width=\"100%\" height=\"100\" viewBox=\"0 0 100 100\" preserveAspectRatio=\"none\" style=\"fill:rgba(246,246,246,0);padding:0;\"><path d=\"M0 100 C 20 0 50 0 100 100 Z\"><\/path><\/svg><\/div><div class=\"imageframe-align-center\"><div class=\"fusion-image-frame-bottomshadow image-frame-shadow-4\"><style scoped=\"scoped\">.element-bottomshadow.image-frame-shadow-4{display:inline-block}.element-bottomshadow.imageframe-4:before, .element-bottomshadow.imageframe-4:after{-webkit-box-shadow: 0 17px 10px rgba(44,102,0,0.4);box-shadow: 0 17px 10px rgba(44,102,0,0.4);}<\/style><span class=\"fusion-imageframe imageframe-bottomshadow imageframe-4 element-bottomshadow hover-type-none\"><a href=\"http:\/\/destino-therapie.de\/wp-content\/uploads\/2019\/04\/Pr\u00fcfsiegel.jpg\" class=\"fusion-lightbox\" data-rel=\"iLightbox[e30603e7722e35daa9b]\" data-title=\"\u00a9Herold H\u00fcbner\" title=\"Pr\u00fcfsiegel\u00a9Euqo Vadis\"><img decoding=\"async\" loading=\"lazy\" src=\"http:\/\/destino-therapie.de\/wp-content\/uploads\/2019\/04\/Pr\u00fcfsiegel.jpg\" width=\"\" height=\"\" alt=\"Pr\u00fcfsiegel\u00a9Euqo Vadis\" class=\"img-responsive wp-image-555\" srcset=\"https:\/\/destino-therapie.de\/wp-content\/uploads\/2019\/04\/Pr\u00fcfsiegel-200x190.jpg 200w, https:\/\/destino-therapie.de\/wp-content\/uploads\/2019\/04\/Pr\u00fcfsiegel-400x380.jpg 400w, https:\/\/destino-therapie.de\/wp-content\/uploads\/2019\/04\/Pr\u00fcfsiegel.jpg 569w\" sizes=\"(max-width: 750px) 100vw, 400px\" \/><\/a><\/span><\/div><\/div><div class=\"fusion-section-separator section-separator\" style=\"padding:0;margin-left:-0px;margin-right:-0px;\"><svg id=\"curvedCandy\" xmlns=\"http:\/\/www.w3.org\/2000\/svg\" version=\"1.1\" width=\"100%\" height=\"100\" viewBox=\"0 0 100 100\" preserveAspectRatio=\"none\" style=\"fill:rgba(246,246,246,0);padding:0;\"><path d=\"M0 100 C 20 0 50 0 100 100 Z\"><\/path><\/svg><\/div><div class=\"imageframe-align-center\"><div class=\"fusion-image-frame-bottomshadow image-frame-shadow-5\"><style scoped=\"scoped\">.element-bottomshadow.image-frame-shadow-5{display:inline-block}.element-bottomshadow.imageframe-5:before, .element-bottomshadow.imageframe-5:after{-webkit-box-shadow: 0 17px 10px rgba(44,102,0,0.4);box-shadow: 0 17px 10px rgba(44,102,0,0.4);}<\/style><span class=\"fusion-imageframe imageframe-bottomshadow imageframe-5 element-bottomshadow hover-type-none\"><a href=\"http:\/\/destino-therapie.de\/wp-content\/uploads\/2019\/01\/DSC_9096-1000.jpg\" class=\"fusion-lightbox\" data-rel=\"iLightbox[e0f3af733daf2bc0705]\" data-title=\"\u00a9Herold H\u00fcbner\" title=\"\u00a9Herold H\u00fcbner\"><img decoding=\"async\" loading=\"lazy\" src=\"http:\/\/destino-therapie.de\/wp-content\/uploads\/2019\/01\/DSC_9096-1000.jpg\" width=\"\" height=\"\" alt=\"\u00a9Herold H\u00fcbner\" class=\"img-responsive wp-image-252\" srcset=\"https:\/\/destino-therapie.de\/wp-content\/uploads\/2019\/01\/DSC_9096-1000-200x132.jpg 200w, https:\/\/destino-therapie.de\/wp-content\/uploads\/2019\/01\/DSC_9096-1000-400x265.jpg 400w, https:\/\/destino-therapie.de\/wp-content\/uploads\/2019\/01\/DSC_9096-1000-600x397.jpg 600w, https:\/\/destino-therapie.de\/wp-content\/uploads\/2019\/01\/DSC_9096-1000-800x530.jpg 800w, https:\/\/destino-therapie.de\/wp-content\/uploads\/2019\/01\/DSC_9096-1000.jpg 1000w\" sizes=\"(max-width: 750px) 100vw, 400px\" \/><\/a><\/span><\/div><\/div><div class=\"fusion-section-separator section-separator\" style=\"padding:0;margin-left:-0px;margin-right:-0px;\"><svg id=\"curvedCandy\" xmlns=\"http:\/\/www.w3.org\/2000\/svg\" version=\"1.1\" width=\"100%\" height=\"100\" viewBox=\"0 0 100 100\" preserveAspectRatio=\"none\" style=\"fill:rgba(246,246,246,0);padding:0;\"><path d=\"M0 100 C 20 0 50 0 100 100 Z\"><\/path><\/svg><\/div><div class=\"imageframe-align-center\"><div class=\"fusion-image-frame-bottomshadow image-frame-shadow-6\"><style scoped=\"scoped\">.element-bottomshadow.image-frame-shadow-6{display:inline-block}.element-bottomshadow.imageframe-6:before, .element-bottomshadow.imageframe-6:after{-webkit-box-shadow: 0 17px 10px rgba(44,102,0,0.4);box-shadow: 0 17px 10px rgba(44,102,0,0.4);}<\/style><span class=\"fusion-imageframe imageframe-bottomshadow imageframe-6 element-bottomshadow hover-type-none\"><a href=\"http:\/\/destino-therapie.de\/wp-content\/uploads\/2019\/01\/IMG_3970-1024x658-1.jpg\" class=\"fusion-lightbox\" data-rel=\"iLightbox[48ee8060cce6235aa36]\" data-title=\"\u00a9Herold H\u00fcbner\" title=\"\u00a9Katarina Stange Nilsen\"><img decoding=\"async\" loading=\"lazy\" src=\"http:\/\/destino-therapie.de\/wp-content\/uploads\/2019\/01\/IMG_3970-1024x658-1.jpg\" width=\"\" height=\"\" alt=\"\u00a9Katarina Stange Nilsen\" class=\"img-responsive wp-image-420\" srcset=\"https:\/\/destino-therapie.de\/wp-content\/uploads\/2019\/01\/IMG_3970-1024x658-1-200x300.jpg 200w, https:\/\/destino-therapie.de\/wp-content\/uploads\/2019\/01\/IMG_3970-1024x658-1-400x600.jpg 400w, https:\/\/destino-therapie.de\/wp-content\/uploads\/2019\/01\/IMG_3970-1024x658-1-600x900.jpg 600w, https:\/\/destino-therapie.de\/wp-content\/uploads\/2019\/01\/IMG_3970-1024x658-1.jpg 667w\" sizes=\"(max-width: 750px) 100vw, 400px\" \/><\/a><\/span><\/div><\/div><div class=\"fusion-clearfix\"><\/div>\n\n\t\t\t\t\t<\/div>\n\t\t\t\t<\/div><\/div><\/div><div class=\"fusion-fullwidth fullwidth-box nonhundred-percent-fullwidth non-hundred-percent-height-scrolling\"  style='background-color: rgba(255,255,255,0);background-position: center center;background-repeat: no-repeat;padding-top:0px;padding-right:10%;padding-bottom:0px;padding-left:10%;'><div class=\"fusion-builder-row fusion-row \"><div  class=\"fusion-layout-column fusion_builder_column fusion_builder_column_1_6  fusion-one-sixth fusion-column-first 1_6\"  style='margin-top:20px;margin-bottom:20px;width:16.66%;width:calc(16.66% - ( ( 4% + 4% ) * 0.1666 ) );margin-right: 4%;'>\n\t\t\t\t\t<div class=\"fusion-column-wrapper\" style=\"padding: 0px 0px 0px 0px;background-position:left top;background-repeat:no-repeat;-webkit-background-size:cover;-moz-background-size:cover;-o-background-size:cover;background-size:cover;\"  data-bg-url=\"\">\n\t\t\t\t\t\t<div class=\"fusion-clearfix\"><\/div>\n\n\t\t\t\t\t<\/div>\n\t\t\t\t<\/div><div  class=\"fusion-layout-column fusion_builder_column fusion_builder_column_2_3  fusion-two-third 2_3\"  style='margin-top:20px;margin-bottom:20px;width:66.66%;width:calc(66.66% - ( ( 4% + 4% ) * 0.6666 ) );margin-right: 4%;'>\n\t\t\t\t\t<div class=\"fusion-column-wrapper\" style=\"padding: 0px 0px 0px 0px;background-position:left top;background-repeat:no-repeat;-webkit-background-size:cover;-moz-background-size:cover;-o-background-size:cover;background-size:cover;\"  data-bg-url=\"\">\n\t\t\t\t\t\t<div class=\"fusion-clearfix\"><\/div>\n\n\t\t\t\t\t<\/div>\n\t\t\t\t<\/div><div  class=\"fusion-layout-column fusion_builder_column fusion_builder_column_1_6  fusion-one-sixth fusion-column-last 1_6\"  style='margin-top:20px;margin-bottom:20px;width:16.66%;width:calc(16.66% - ( ( 4% + 4% ) * 0.1666 ) );'>\n\t\t\t\t\t<div class=\"fusion-column-wrapper\" style=\"padding: 0px 0px 0px 0px;background-position:left top;background-repeat:no-repeat;-webkit-background-size:cover;-moz-background-size:cover;-o-background-size:cover;background-size:cover;\"  data-bg-url=\"\">\n\t\t\t\t\t\t<div class=\"fusion-clearfix\"><\/div>\n\n\t\t\t\t\t<\/div>\n\t\t\t\t<\/div><\/div><\/div><\/p>\n","protected":false},"excerpt":{"rendered":"","protected":false},"author":1,"featured_media":0,"parent":0,"menu_order":0,"comment_status":"closed","ping_status":"closed","template":"","meta":[],"_links":{"self":[{"href":"https:\/\/destino-therapie.de\/index.php?rest_route=\/wp\/v2\/pages\/7"}],"collection":[{"href":"https:\/\/destino-therapie.de\/index.php?rest_route=\/wp\/v2\/pages"}],"about":[{"href":"https:\/\/destino-therapie.de\/index.php?rest_route=\/wp\/v2\/types\/page"}],"author":[{"embeddable":true,"href":"https:\/\/destino-therapie.de\/index.php?rest_route=\/wp\/v2\/users\/1"}],"replies":[{"embeddable":true,"href":"https:\/\/destino-therapie.de\/index.php?rest_route=%2Fwp%2Fv2%2Fcomments&post=7"}],"version-history":[{"count":60,"href":"https:\/\/destino-therapie.de\/index.php?rest_route=\/wp\/v2\/pages\/7\/revisions"}],"predecessor-version":[{"id":625,"href":"https:\/\/destino-therapie.de\/index.php?rest_route=\/wp\/v2\/pages\/7\/revisions\/625"}],"wp:attachment":[{"href":"https:\/\/destino-therapie.de\/index.php?rest_route=%2Fwp%2Fv2%2Fmedia&parent=7"}],"curies":[{"name":"wp","href":"https:\/\/api.w.org\/{rel}","templated":true}]}}