{"id":41,"date":"2019-01-10T15:34:34","date_gmt":"2019-01-10T14:34:34","guid":{"rendered":"http:\/\/destino-therapie.de\/?page_id=41"},"modified":"2023-02-16T16:30:19","modified_gmt":"2023-02-16T15:30:19","slug":"startseite","status":"publish","type":"page","link":"https:\/\/destino-therapie.de\/","title":{"rendered":"STARTSEITE"},"content":{"rendered":"<div class=\"fusion-fullwidth fullwidth-box nonhundred-percent-fullwidth non-hundred-percent-height-scrolling\"  style='background-color: rgba(255,255,255,0);background-position: center center;background-repeat: no-repeat;padding-top:0px;padding-right:10%;padding-bottom:0px;padding-left:10%;'><div class=\"fusion-builder-row fusion-row \"><div  class=\"fusion-layout-column fusion_builder_column fusion_builder_column_1_1  fusion-one-full fusion-column-first fusion-column-last 1_1\"  style='margin-top:20px;margin-bottom:20px;'>\n\t\t\t\t\t<div class=\"fusion-column-wrapper\" style=\"padding: 0px 0px 0px 0px;background-position:left top;background-repeat:no-repeat;-webkit-background-size:cover;-moz-background-size:cover;-o-background-size:cover;background-size:cover;\"  data-bg-url=\"\">\n\t\t\t\t\t\t<div class=\"fusion-text\"><h2 style=\"text-align: center;\"><\/h2>\n<h2><\/h2>\n<\/div><div class=\"fusion-sep-clear\"><\/div><div class=\"fusion-separator fusion-full-width-sep sep-double\" style=\"border-color:#e0dede;border-top-width:1px;border-bottom-width:1px;margin-left: auto;margin-right: auto;margin-top:;\"><\/div><div class=\"fusion-clearfix\"><\/div>\n\n\t\t\t\t\t<\/div>\n\t\t\t\t<\/div><div  class=\"fusion-layout-column fusion_builder_column fusion_builder_column_1_1  fusion-one-full fusion-column-first fusion-column-last 1_1\"  style='margin-top:0px;margin-bottom:0px;'>\n\t\t\t\t\t<div class=\"fusion-column-wrapper\" style=\"padding: 0px 0px 0px 0px;background-position:left top;background-repeat:no-repeat;-webkit-background-size:cover;-moz-background-size:cover;-o-background-size:cover;background-size:cover;\"  data-bg-url=\"\">\n\t\t\t\t\t\t<div class=\"fusion-title title fusion-sep-none fusion-title-size-one\" style=\"margin-top:0px;margin-bottom:31px;\"><h1 class=\"title-heading-left\"><h1 style=\"text-align: center;\"><strong>HERZLICH WILLKOMMEN<\/strong><\/h1>\n<h2 style=\"text-align: center;\"><strong>Physiotherapie, Osteopathie und Gesundheitstraining f\u00fcr Pferde<\/strong><\/h2><\/h1><\/div><div class=\"fusion-text\"><p align=\"justify\">Training, Physiotherapie und Osteopathie erg\u00e4nzen sich symbiotisch.\u00a0 Dies ist mein Ansatz um Ihrem Pferd und Ihnen nachhaltig und effizient weiterhelfen zu k\u00f6nnen.<\/p>\n<p align=\"justify\">Denn wer kennt es nicht, dass eine bestimmte Lektion nicht reitbar ist, weil es irgendwo im Pferdek\u00f6rper klemmt. Ein Beckenschiefstand, Atlasschiefstand oder einfach nur ein verspannter R\u00fccken, verursacht durch kalte Zugluft, k\u00f6nnen Bewegungseinschr\u00e4nkungen verursachen. Nicht immer lassen sich solche Bewegungseinschr\u00e4nkungen einfach wegreiten. Probleme im Bewegungsapparat k\u00f6nnen viele Ursachen haben: Von der Einwirkung des Reiters bis hin zur Ausr\u00fcstung und der Hufstellung, gilt es hier der Ursache auf die Schliche zu kommen. Nur so kann ein individuelles, nachhaltiges und ganzheitliches Konzept entwickelt werden, um die Gesunderhaltung Ihres Partners Pferd zu verbessern und zu erhalten.<\/p>\n<p align=\"justify\">Gerne begleite ich Sie und Ihr Pferd sowohl im t\u00e4glichen Training, im Leistungssport, nach Unf\u00e4llen oder Operationen, oder einfach nur mit regelm\u00e4\u00dfigen Kontrollen.<\/p>\n<\/div><div class=\"imageframe-align-center\"><div class=\"fusion-image-frame-bottomshadow image-frame-shadow-1\"><style scoped=\"scoped\">.element-bottomshadow.image-frame-shadow-1{display:inline-block}.element-bottomshadow.imageframe-1:before, .element-bottomshadow.imageframe-1:after{-webkit-box-shadow: 0 17px 10px rgba(44,102,0,0.4);box-shadow: 0 17px 10px rgba(44,102,0,0.4);}<\/style><span class=\"fusion-imageframe imageframe-bottomshadow imageframe-1 element-bottomshadow hover-type-none\"><img decoding=\"async\" loading=\"lazy\" src=\"http:\/\/destino-therapie.de\/wp-content\/uploads\/2019\/01\/Startseite-1000.jpg\" width=\"\" height=\"\" alt=\"\u00a9 Siri Troll S.\" title=\"\u00a9 Siri Troll S.\" class=\"img-responsive wp-image-424\" srcset=\"https:\/\/destino-therapie.de\/wp-content\/uploads\/2019\/01\/Startseite-1000-200x133.jpg 200w, https:\/\/destino-therapie.de\/wp-content\/uploads\/2019\/01\/Startseite-1000-400x266.jpg 400w, https:\/\/destino-therapie.de\/wp-content\/uploads\/2019\/01\/Startseite-1000-600x400.jpg 600w, https:\/\/destino-therapie.de\/wp-content\/uploads\/2019\/01\/Startseite-1000-800x533.jpg 800w, https:\/\/destino-therapie.de\/wp-content\/uploads\/2019\/01\/Startseite-1000.jpg 1000w\" sizes=\"(max-width: 750px) 100vw, 1000px\" \/><\/span><\/div><\/div><div class=\"fusion-clearfix\"><\/div>\n\n\t\t\t\t\t<\/div>\n\t\t\t\t<\/div><div  class=\"fusion-layout-column fusion_builder_column fusion_builder_column_1_3  fusion-one-third fusion-column-first 1_3\"  style='margin-top:20px;margin-bottom:20px;width:33.33%;width:calc(33.33% - ( ( 4% ) * 0.3333 ) );margin-right: 4%;'>\n\t\t\t\t\t<div class=\"fusion-column-wrapper\" style=\"padding: 0px 0px 0px 0px;background-position:left top;background-repeat:no-repeat;-webkit-background-size:cover;-moz-background-size:cover;-o-background-size:cover;background-size:cover;\"  data-bg-url=\"\">\n\t\t\t\t\t\t<div class=\"fusion-clearfix\"><\/div>\n\n\t\t\t\t\t<\/div>\n\t\t\t\t<\/div><\/div><\/div>\n","protected":false},"excerpt":{"rendered":"","protected":false},"author":1,"featured_media":0,"parent":0,"menu_order":0,"comment_status":"closed","ping_status":"closed","template":"","meta":[],"_links":{"self":[{"href":"https:\/\/destino-therapie.de\/index.php?rest_route=\/wp\/v2\/pages\/41"}],"collection":[{"href":"https:\/\/destino-therapie.de\/index.php?rest_route=\/wp\/v2\/pages"}],"about":[{"href":"https:\/\/destino-therapie.de\/index.php?rest_route=\/wp\/v2\/types\/page"}],"author":[{"embeddable":true,"href":"https:\/\/destino-therapie.de\/index.php?rest_route=\/wp\/v2\/users\/1"}],"replies":[{"embeddable":true,"href":"https:\/\/destino-therapie.de\/index.php?rest_route=%2Fwp%2Fv2%2Fcomments&post=41"}],"version-history":[{"count":50,"href":"https:\/\/destino-therapie.de\/index.php?rest_route=\/wp\/v2\/pages\/41\/revisions"}],"predecessor-version":[{"id":596,"href":"https:\/\/destino-therapie.de\/index.php?rest_route=\/wp\/v2\/pages\/41\/revisions\/596"}],"wp:attachment":[{"href":"https:\/\/destino-therapie.de\/index.php?rest_route=%2Fwp%2Fv2%2Fmedia&parent=41"}],"curies":[{"name":"wp","href":"https:\/\/api.w.org\/{rel}","templated":true}]}}