{"id":112,"date":"2019-01-10T17:21:24","date_gmt":"2019-01-10T16:21:24","guid":{"rendered":"http:\/\/wordpress.destino-therapie.de\/?page_id=112"},"modified":"2023-02-17T11:11:31","modified_gmt":"2023-02-17T10:11:31","slug":"training","status":"publish","type":"page","link":"https:\/\/destino-therapie.de\/?page_id=112","title":{"rendered":"TRAINING"},"content":{"rendered":"<p><div class=\"fusion-fullwidth fullwidth-box nonhundred-percent-fullwidth non-hundred-percent-height-scrolling\"  style='background-color: rgba(255,255,255,0);background-position: center center;background-repeat: no-repeat;padding-top:0px;padding-right:10%;padding-bottom:0px;padding-left:10%;'><div class=\"fusion-builder-row fusion-row \"><div  class=\"fusion-layout-column fusion_builder_column fusion_builder_column_1_1  fusion-one-full fusion-column-first fusion-column-last 1_1\"  style='margin-top:20px;margin-bottom:20px;'>\n\t\t\t\t\t<div class=\"fusion-column-wrapper\" style=\"padding: 0px 0px 0px 0px;background-position:left top;background-repeat:no-repeat;-webkit-background-size:cover;-moz-background-size:cover;-o-background-size:cover;background-size:cover;\"  data-bg-url=\"\">\n\t\t\t\t\t\t<div class=\"fusion-text\"><h1 style=\"text-align: center;\"><strong>LEISTUNGEN &#8211; TRAINING<\/strong><\/h1>\n<\/div><div class=\"fusion-clearfix\"><\/div>\n\n\t\t\t\t\t<\/div>\n\t\t\t\t<\/div><\/div><\/div><div class=\"fusion-fullwidth fullwidth-box nonhundred-percent-fullwidth non-hundred-percent-height-scrolling\"  style='background-color: rgba(255,255,255,0);background-position: center center;background-repeat: no-repeat;padding-top:0px;padding-right:10%;padding-bottom:0px;padding-left:10%;'><div class=\"fusion-builder-row fusion-row \"><div  class=\"fusion-layout-column fusion_builder_column fusion_builder_column_3_5  fusion-three-fifth fusion-column-first 3_5\"  style='margin-top:20px;margin-bottom:20px;width:60%;width:calc(60% - ( ( 4% ) * 0.6 ) );margin-right: 4%;'>\n\t\t\t\t\t<div class=\"fusion-column-wrapper\" style=\"padding: 0px 0px 0px 0px;background-position:left top;background-repeat:no-repeat;-webkit-background-size:cover;-moz-background-size:cover;-o-background-size:cover;background-size:cover;\"  data-bg-url=\"\">\n\t\t\t\t\t\t<div class=\"fusion-text\"><p>Das Training umfasst die nachstehenden Bereiche.<\/p>\n<p><a href=\"http:\/\/wordpress.destino-therapie.de\/training\/\"><strong>GANZHEITLICHES GESUNDHEITSTRAINING<\/strong><\/a><\/p>\n<ul>\n<li>Bewegungstherapie<\/li>\n<li>Reha- und Aufbautraining<\/li>\n<li>physiotherapeutischer Betritt und Unterricht<\/li>\n<li>individuelle Trainingspl\u00e4ne<\/li>\n<li>Ausr\u00fcstungskontrolle (z.B. Sattelkontrolle)<\/li>\n<\/ul>\n<p><a href=\"http:\/\/wordpress.destino-therapie.de\/reiten\/\"><strong>AUSBILDUNG VON REITER UND PFERD<\/strong><\/a><\/p>\n<ul>\n<li>Ausbildung von Jungtieren<\/li>\n<li>Freiarbeit und Zirzensik<\/li>\n<li>Handarbeit<\/li>\n<li>Bodenarbeit<\/li>\n<li>Longen- und Doppellongenunterricht<\/li>\n<li>Langz\u00fcgelarbeit<\/li>\n<li>Reitunterricht und Sitzschulungen<\/li>\n<\/ul>\n<\/div><div class=\"fusion-text\"><h2><span style=\"color: #0c5c0c;\">Training<\/span><\/h2>\n<p><span dir=\"ltr\" role=\"presentation\">Das Ziel meines Trainings ist es, eine gleichberechtigte Beziehung mit dem <\/span> <span dir=\"ltr\" role=\"presentation\">Pferd auf Basis von Vertrauen und gegenseitigem Respekt aufzubauen. Um das sicherzustellen, ben\u00f6tigen wir eine stressfreie Arbeitsatmosph\u00e4re, individuell aufs Pferd angepasste Trainingsmethoden und dass das Pferd das Lerntempo bestimmt. Ich lege viel Wert auf abwechslungsreiches Training, da es vor allem Motivation und Konzentration f\u00f6rdert. Arbeit mit dem Pferd hei\u00dft auch immer Arbeit an sich selbst. Wir als Pferdemenschen m\u00fcssen uns stetig in unserer Selbstdisziplin verbessern. Wir m\u00fcssen eine Balance finden zwischen liebevollem Umgang, Geduld und Durchsetzungsverm\u00f6gen (nie gewaltt\u00e4tig, w\u00fctend oder aggressiv). Erst dann k\u00f6nnen wir eine feine Kommunikation und K\u00f6rpersprache entwickeln, die essenziell f\u00fcrs Pferdetraining sind. <\/span><\/p>\n<\/div><div class=\"fusion-text\"><h2><span style=\"color: #0c5c0c;\">Gesundheitstraining<\/span><\/h2>\n<p><span style=\"color: #808080;\"><span dir=\"ltr\" role=\"presentation\">Mein Reitunterricht ist auf die Disziplin und das entsprechende <\/span> <span dir=\"ltr\" role=\"presentation\">Exterieur des Pferdes abgestimmt. Das Ziel jeden Reitens sollte es <\/span> <span dir=\"ltr\" role=\"presentation\">sein, den Partner Pferd anhand der St\u00e4rken und Schw\u00e4chen <\/span> <span dir=\"ltr\" role=\"presentation\">gesunderhaltend zu gymnastizieren, um ihm m\u00f6glichst lange nutzen <\/span> <span dir=\"ltr\" role=\"presentation\">zu k\u00f6nnen. Damit ist es m\u00f6glich, k\u00f6rperliche Veranlagungen, wie <\/span> <\/span><br role=\"presentation\" \/><span style=\"color: #808080;\"><span dir=\"ltr\" role=\"presentation\">nat\u00fcrliche Schiefe, Vorhandlastigkeit, langer oder kurzer R\u00fccken, <\/span> <span dir=\"ltr\" role=\"presentation\">Ganaschenfreiheit, langer oder kurzer, tief oder hoch angesetzter <\/span> <span dir=\"ltr\" role=\"presentation\">Hals, ausgleichen und stabilisieren zu k\u00f6nnen. Wie bei den <\/span> <span dir=\"ltr\" role=\"presentation\">Menschen, gibt es auch bei den Pferden Athleten (langfasrige <\/span> <span dir=\"ltr\" role=\"presentation\">Muskeln) und Bodybuilder (kurzfasrige Muskeln), die entsprechend <\/span> <span dir=\"ltr\" role=\"presentation\">individuell trainiert werden m\u00fcssen. Exterieur und Muskulatur geben <\/span> <span dir=\"ltr\" role=\"presentation\">also den Rahmen vor und legen St\u00e4rken und Schw\u00e4chen jedes <\/span> <span dir=\"ltr\" role=\"presentation\">einzelnen Pferdes fest. Damit bilden sie die Grundlage f\u00fcr das <\/span>Training.<\/span><\/p>\n<\/div><div class=\"fusion-text\"><h2><span style=\"color: #0c5c0c;\">Handarbeit<\/span><\/h2>\n<p><span style=\"color: #808080;\"><span dir=\"ltr\" role=\"presentation\">Die Handarbeit ist eine tolle M\u00f6glichkeit, die Pferde vom Boden aus so zu <\/span> <span dir=\"ltr\" role=\"presentation\">trainieren, dass sie in der Lage sind, einen Reiter, ohne Schaden tragen zu <\/span><span dir=\"ltr\" role=\"presentation\">k\u00f6nnen. Vielen Pferden n\u00fctzt sie, um Reiterhilfen besser verstehen zu <\/span> <span dir=\"ltr\" role=\"presentation\">lernen und Vertrauen zum Menschen zu fassen. Ob bei Jungtieren, <\/span> <span dir=\"ltr\" role=\"presentation\">Rehapferden oder Sportpferden, sie bietet immer eine gute Erg\u00e4nzung im <\/span> <span dir=\"ltr\" role=\"presentation\">Training und f\u00f6rdert Motivation und Muskelaufbau.<\/span><\/span><\/p>\n<\/div><div class=\"fusion-text\"><h2><span style=\"color: #0c5c0c;\">Freiarbeit<\/span><\/h2>\n<p><span dir=\"ltr\" role=\"presentation\">Die Basis der Freiarbeit ist Vertrauen. Daher dient sie als tolle \u00dcberpr\u00fcfung <\/span><span dir=\"ltr\" role=\"presentation\">des Vertrauens und der Kommunikation zwischen Pferd und Mensch. <\/span> <span dir=\"ltr\" role=\"presentation\">Durch neue Aufgaben f\u00f6rdert und erh\u00e4lt sie die Aufmerksamkeit und <\/span> <span dir=\"ltr\" role=\"presentation\">steigert die Intelligenz des Pferdes. Die Freiarbeit ist die einzige <\/span> <span dir=\"ltr\" role=\"presentation\">Trainingsform, in der das Pferd wirklich frei (nicht an Halfter o.\u00e4. <\/span> <span dir=\"ltr\" role=\"presentation\">gebunden) bestimmen kann, was es machen will. Dadurch lernt der <\/span> <span dir=\"ltr\" role=\"presentation\">Mensch, seine K\u00f6rpersprache pr\u00e4zise einzusetzen und die <\/span> <br role=\"presentation\" \/><span dir=\"ltr\" role=\"presentation\">Kommunikation immer weiter zu verfeinern. Au\u00dferdem werden in der <\/span> <span dir=\"ltr\" role=\"presentation\">Freiarbeit von beiden Seiten Verhaltensregeln f\u00fcr das Gegen\u00fcber <\/span> <span dir=\"ltr\" role=\"presentation\">aufgestellt, was wiederum zur Teamentwicklung beitr\u00e4gt. Es ist also eine <\/span> <span dir=\"ltr\" role=\"presentation\">Trainingsform mit vielen Vorteilen, vor allem f\u00fcr die <\/span> <span dir=\"ltr\" role=\"presentation\">Pferd &#8211; Mensch &#8211; Beziehung.<\/span><\/p>\n<\/div><div class=\"fusion-text\"><h2><span style=\"color: #0c5c0c;\">Jungtiere<\/span><\/h2>\n<p><span dir=\"ltr\" role=\"presentation\">Bei Jungpferden ist es wichtig, ihnen von Anfang an gewisse Grundregeln f\u00fcr <\/span> <span dir=\"ltr\" role=\"presentation\">Verhalten und die Gesellschaft von Menschen mitzugeben. Diese Regeln <\/span> <span dir=\"ltr\" role=\"presentation\">sollten aber immer respektvoll und ohne Gewalt beigebracht werden! Bei <\/span><span dir=\"ltr\" role=\"presentation\">mir bekommen sie zuerst das Fohlen &#8211; ABC, sowie F\u00fchrtraining mit auf den <\/span> <span dir=\"ltr\" role=\"presentation\">Weg, die sp\u00e4tere Entwicklung wird individuell aufs Pferd abgestimmt.<\/span><\/p>\n<\/div><div class=\"fusion-text\"><h2><span style=\"color: #0c5c00;\">Beritt<\/span><\/h2>\n<p><span dir=\"ltr\" role=\"presentation\">Beritt biete ich als Urlaubsvertretung oder bei Krankheitsausfall an, in seltenen <\/span> <span dir=\"ltr\" role=\"presentation\">F\u00e4llen auch Korrekturberitt. Au\u00dferdem die Ausbildung von Jungpferden <\/span> <span dir=\"ltr\" role=\"presentation\">oder als Rehaberitt. Wichtig ist hierbei, dass Beritt bei mir nicht nur reiten <\/span> <span dir=\"ltr\" role=\"presentation\">bedeutet, sondern eine gute Kombination aus Physiotherapie, Handarbeit, <\/span> <span dir=\"ltr\" role=\"presentation\">Gymnastizierung und Krankengymnastik beinhaltet.<\/span><\/p>\n<\/div><div class=\"fusion-clearfix\"><\/div>\n\n\t\t\t\t\t<\/div>\n\t\t\t\t<\/div><div  class=\"fusion-layout-column fusion_builder_column fusion_builder_column_2_5  fusion-two-fifth fusion-column-last 2_5\"  style='margin-top:20px;margin-bottom:20px;width:40%;width:calc(40% - ( ( 4% ) * 0.4 ) );'>\n\t\t\t\t\t<div class=\"fusion-column-wrapper\" style=\"padding: 0px 0px 0px 0px;background-position:left top;background-repeat:no-repeat;-webkit-background-size:cover;-moz-background-size:cover;-o-background-size:cover;background-size:cover;\"  data-bg-url=\"\">\n\t\t\t\t\t\t<div class=\"imageframe-align-center\"><div class=\"fusion-image-frame-bottomshadow image-frame-shadow-1\"><style scoped=\"scoped\">.element-bottomshadow.image-frame-shadow-1{display:inline-block}.element-bottomshadow.imageframe-1:before, .element-bottomshadow.imageframe-1:after{-webkit-box-shadow: 0 17px 10px rgba(44,102,0,0.4);box-shadow: 0 17px 10px rgba(44,102,0,0.4);}<\/style><span class=\"fusion-imageframe imageframe-bottomshadow imageframe-1 element-bottomshadow hover-type-none\"><a href=\"http:\/\/wordpress.destino-therapie.de\/wp-content\/uploads\/2019\/01\/IMG_1353-300x200.jpg\" class=\"fusion-lightbox\" data-rel=\"iLightbox[3af8384f139bdd147b4]\" data-title=\"\u00a9 Pia Heibach\" title=\"\u00a9 Pia Heibach\"><img decoding=\"async\" loading=\"lazy\" src=\"http:\/\/wordpress.destino-therapie.de\/wp-content\/uploads\/2019\/01\/IMG_1353-300x200.jpg\" width=\"300\" height=\"200\" alt=\"\u00a9 Pia Heibach\" class=\"img-responsive wp-image-35\"\/><\/a><\/span><\/div><\/div><div class=\"fusion-section-separator section-separator\" style=\"padding:0;margin-left:-0px;margin-right:-0px;\"><svg id=\"curvedCandy\" xmlns=\"http:\/\/www.w3.org\/2000\/svg\" version=\"1.1\" width=\"100%\" height=\"100\" viewBox=\"0 0 100 100\" preserveAspectRatio=\"none\" style=\"fill:rgba(255,255,255,0);padding:0;\"><path d=\"M0 100 C 20 0 50 0 100 100 Z\"><\/path><\/svg><\/div><div class=\"fusion-section-separator section-separator\" style=\"padding:0;margin-left:-0px;margin-right:-0px;\"><svg id=\"curvedCandy\" xmlns=\"http:\/\/www.w3.org\/2000\/svg\" version=\"1.1\" width=\"100%\" height=\"100\" viewBox=\"0 0 100 100\" preserveAspectRatio=\"none\" style=\"fill:#ffffff;padding:0;\"><path d=\"M0 100 C 20 0 50 0 100 100 Z\"><\/path><\/svg><\/div><div class=\"fusion-image-frame-bottomshadow image-frame-shadow-2\"><style scoped=\"scoped\">.element-bottomshadow.image-frame-shadow-2{display:inline-block}.element-bottomshadow.imageframe-2:before, .element-bottomshadow.imageframe-2:after{-webkit-box-shadow: 0 17px 10px rgba(44,102,0,0.4);box-shadow: 0 17px 10px rgba(44,102,0,0.4);}<\/style><span class=\"fusion-imageframe imageframe-bottomshadow imageframe-2 element-bottomshadow hover-type-none\"><img decoding=\"async\" loading=\"lazy\" src=\"http:\/\/destino-therapie.de\/wp-content\/uploads\/2019\/01\/DSC_9123-1000.jpg\" width=\"\" height=\"\" alt=\"\u00a9Herold H\u00fcbner\" title=\"\u00a9Herold H\u00fcbner\" class=\"img-responsive wp-image-254\" srcset=\"https:\/\/destino-therapie.de\/wp-content\/uploads\/2019\/01\/DSC_9123-1000-200x132.jpg 200w, https:\/\/destino-therapie.de\/wp-content\/uploads\/2019\/01\/DSC_9123-1000-400x265.jpg 400w, https:\/\/destino-therapie.de\/wp-content\/uploads\/2019\/01\/DSC_9123-1000-600x397.jpg 600w, https:\/\/destino-therapie.de\/wp-content\/uploads\/2019\/01\/DSC_9123-1000-800x530.jpg 800w, https:\/\/destino-therapie.de\/wp-content\/uploads\/2019\/01\/DSC_9123-1000.jpg 1000w\" sizes=\"(max-width: 750px) 100vw, 600px\" \/><\/span><\/div><div class=\"fusion-section-separator section-separator\" style=\"padding:0;margin-left:-0px;margin-right:-0px;\"><svg id=\"curvedCandy\" xmlns=\"http:\/\/www.w3.org\/2000\/svg\" version=\"1.1\" width=\"100%\" height=\"100\" viewBox=\"0 0 100 100\" preserveAspectRatio=\"none\" style=\"fill:#ffffff;padding:0;\"><path d=\"M0 100 C 20 0 50 0 100 100 Z\"><\/path><\/svg><\/div><div class=\"fusion-section-separator section-separator\" style=\"padding:0;margin-left:-0px;margin-right:-0px;\"><svg id=\"curvedCandy\" xmlns=\"http:\/\/www.w3.org\/2000\/svg\" version=\"1.1\" width=\"100%\" height=\"100\" viewBox=\"0 0 100 100\" preserveAspectRatio=\"none\" style=\"fill:#ffffff;padding:0;\"><path d=\"M0 100 C 20 0 50 0 100 100 Z\"><\/path><\/svg><\/div><div class=\"fusion-image-frame-bottomshadow image-frame-shadow-3\"><style scoped=\"scoped\">.element-bottomshadow.image-frame-shadow-3{display:inline-block}.element-bottomshadow.imageframe-3:before, .element-bottomshadow.imageframe-3:after{-webkit-box-shadow: 0 17px 10px rgba(44,102,0,0.4);box-shadow: 0 17px 10px rgba(44,102,0,0.4);}<\/style><span class=\"fusion-imageframe imageframe-bottomshadow imageframe-3 element-bottomshadow hover-type-none\"><img decoding=\"async\" loading=\"lazy\" src=\"http:\/\/destino-therapie.de\/wp-content\/uploads\/2019\/01\/Beritt.jpg\" width=\"\" height=\"\" alt=\"Beritt \u00a9Lena D.\" title=\"Beritt \u00a9Lena D.\" class=\"img-responsive wp-image-14\"\/><\/span><\/div><div class=\"fusion-section-separator section-separator\" style=\"padding:0;margin-left:-0px;margin-right:-0px;\"><svg id=\"curvedCandy\" xmlns=\"http:\/\/www.w3.org\/2000\/svg\" version=\"1.1\" width=\"100%\" height=\"100\" viewBox=\"0 0 100 100\" preserveAspectRatio=\"none\" style=\"fill:#ffffff;padding:0;\"><path d=\"M0 100 C 20 0 50 0 100 100 Z\"><\/path><\/svg><\/div><div class=\"fusion-section-separator section-separator\" style=\"padding:0;margin-left:-0px;margin-right:-0px;\"><svg id=\"curvedCandy\" xmlns=\"http:\/\/www.w3.org\/2000\/svg\" version=\"1.1\" width=\"100%\" height=\"100\" viewBox=\"0 0 100 100\" preserveAspectRatio=\"none\" style=\"fill:#ffffff;padding:0;\"><path d=\"M0 100 C 20 0 50 0 100 100 Z\"><\/path><\/svg><\/div><div class=\"fusion-image-frame-bottomshadow image-frame-shadow-4\"><style scoped=\"scoped\">.element-bottomshadow.image-frame-shadow-4{display:inline-block}.element-bottomshadow.imageframe-4:before, .element-bottomshadow.imageframe-4:after{-webkit-box-shadow: 0 17px 10px rgba(44,102,0,0.4);box-shadow: 0 17px 10px rgba(44,102,0,0.4);}<\/style><span class=\"fusion-imageframe imageframe-bottomshadow imageframe-4 element-bottomshadow hover-type-none\"><img decoding=\"async\" loading=\"lazy\" src=\"http:\/\/destino-therapie.de\/wp-content\/uploads\/2019\/01\/DSC_9210-1000.jpg\" width=\"\" height=\"\" alt=\"Behandlung und Testung\u00a9Herold H\u00fcbner\" title=\"Behandlung und Testung\u00a9Herold H\u00fcbner\" class=\"img-responsive wp-image-255\" srcset=\"https:\/\/destino-therapie.de\/wp-content\/uploads\/2019\/01\/DSC_9210-1000-200x132.jpg 200w, https:\/\/destino-therapie.de\/wp-content\/uploads\/2019\/01\/DSC_9210-1000-400x265.jpg 400w, https:\/\/destino-therapie.de\/wp-content\/uploads\/2019\/01\/DSC_9210-1000-600x397.jpg 600w, https:\/\/destino-therapie.de\/wp-content\/uploads\/2019\/01\/DSC_9210-1000-800x530.jpg 800w, https:\/\/destino-therapie.de\/wp-content\/uploads\/2019\/01\/DSC_9210-1000.jpg 1000w\" sizes=\"(max-width: 750px) 100vw, 600px\" \/><\/span><\/div><div class=\"fusion-section-separator section-separator\" style=\"padding:0;margin-left:-0px;margin-right:-0px;\"><svg id=\"curvedCandy\" xmlns=\"http:\/\/www.w3.org\/2000\/svg\" version=\"1.1\" width=\"100%\" height=\"100\" viewBox=\"0 0 100 100\" preserveAspectRatio=\"none\" style=\"fill:#ffffff;padding:0;\"><path d=\"M0 100 C 20 0 50 0 100 100 Z\"><\/path><\/svg><\/div><div class=\"fusion-section-separator section-separator\" style=\"padding:0;margin-left:-0px;margin-right:-0px;\"><svg id=\"curvedCandy\" xmlns=\"http:\/\/www.w3.org\/2000\/svg\" version=\"1.1\" width=\"100%\" height=\"100\" viewBox=\"0 0 100 100\" preserveAspectRatio=\"none\" style=\"fill:#ffffff;padding:0;\"><path d=\"M0 100 C 20 0 50 0 100 100 Z\"><\/path><\/svg><\/div><div class=\"fusion-image-frame-bottomshadow image-frame-shadow-5\"><style scoped=\"scoped\">.element-bottomshadow.image-frame-shadow-5{display:inline-block}.element-bottomshadow.imageframe-5:before, .element-bottomshadow.imageframe-5:after{-webkit-box-shadow: 0 17px 10px rgba(44,102,0,0.4);box-shadow: 0 17px 10px rgba(44,102,0,0.4);}<\/style><span class=\"fusion-imageframe imageframe-bottomshadow imageframe-5 element-bottomshadow hover-type-none\"><img decoding=\"async\" loading=\"lazy\" src=\"http:\/\/destino-therapie.de\/wp-content\/uploads\/2019\/01\/020-2.jpg\" width=\"\" height=\"\" alt=\"\u00a9Siri Troll S.\" title=\"020 2 \u00a9Siri Troll S.\" class=\"img-responsive wp-image-12\"\/><\/span><\/div><div class=\"fusion-clearfix\"><\/div>\n\n\t\t\t\t\t<\/div>\n\t\t\t\t<\/div><\/div><\/div><\/p>\n","protected":false},"excerpt":{"rendered":"","protected":false},"author":1,"featured_media":0,"parent":0,"menu_order":0,"comment_status":"closed","ping_status":"closed","template":"","meta":[],"_links":{"self":[{"href":"https:\/\/destino-therapie.de\/index.php?rest_route=\/wp\/v2\/pages\/112"}],"collection":[{"href":"https:\/\/destino-therapie.de\/index.php?rest_route=\/wp\/v2\/pages"}],"about":[{"href":"https:\/\/destino-therapie.de\/index.php?rest_route=\/wp\/v2\/types\/page"}],"author":[{"embeddable":true,"href":"https:\/\/destino-therapie.de\/index.php?rest_route=\/wp\/v2\/users\/1"}],"replies":[{"embeddable":true,"href":"https:\/\/destino-therapie.de\/index.php?rest_route=%2Fwp%2Fv2%2Fcomments&post=112"}],"version-history":[{"count":23,"href":"https:\/\/destino-therapie.de\/index.php?rest_route=\/wp\/v2\/pages\/112\/revisions"}],"predecessor-version":[{"id":622,"href":"https:\/\/destino-therapie.de\/index.php?rest_route=\/wp\/v2\/pages\/112\/revisions\/622"}],"wp:attachment":[{"href":"https:\/\/destino-therapie.de\/index.php?rest_route=%2Fwp%2Fv2%2Fmedia&parent=112"}],"curies":[{"name":"wp","href":"https:\/\/api.w.org\/{rel}","templated":true}]}}