{"id":109,"date":"2019-01-10T17:21:14","date_gmt":"2019-01-10T16:21:14","guid":{"rendered":"http:\/\/wordpress.destino-therapie.de\/?page_id=109"},"modified":"2023-02-17T12:01:43","modified_gmt":"2023-02-17T11:01:43","slug":"termine","status":"publish","type":"page","link":"https:\/\/destino-therapie.de\/?page_id=109","title":{"rendered":"TERMINE"},"content":{"rendered":"<p><div class=\"fusion-fullwidth fullwidth-box nonhundred-percent-fullwidth non-hundred-percent-height-scrolling\"  style='background-color: rgba(255,255,255,0);background-position: center center;background-repeat: no-repeat;padding-top:0px;padding-right:10%;padding-bottom:0px;padding-left:10%;'><div class=\"fusion-builder-row fusion-row \"><div  class=\"fusion-layout-column fusion_builder_column fusion_builder_column_1_1  fusion-one-full fusion-column-first fusion-column-last 1_1\"  style='margin-top:20px;margin-bottom:20px;'>\n\t\t\t\t\t<div class=\"fusion-column-wrapper\" style=\"padding: 0px 0px 0px 0px;background-position:left top;background-repeat:no-repeat;-webkit-background-size:cover;-moz-background-size:cover;-o-background-size:cover;background-size:cover;\"  data-bg-url=\"\">\n\t\t\t\t\t\t<div class=\"fusion-text\"><h1 style=\"text-align: center;\"><strong>TERMINE<\/strong><\/h1>\n<\/div><div class=\"fusion-clearfix\"><\/div>\n\n\t\t\t\t\t<\/div>\n\t\t\t\t<\/div><\/div><\/div><div class=\"fusion-fullwidth fullwidth-box nonhundred-percent-fullwidth non-hundred-percent-height-scrolling\"  style='background-color: rgba(255,255,255,0);background-position: center center;background-repeat: no-repeat;padding-top:0px;padding-right:10%;padding-bottom:0px;padding-left:10%;'><div class=\"fusion-builder-row fusion-row \"><div  class=\"fusion-layout-column fusion_builder_column fusion_builder_column_3_4  fusion-three-fourth fusion-column-first 3_4\"  style='margin-top:20px;margin-bottom:20px;width:75%;width:calc(75% - ( ( 4% ) * 0.75 ) );margin-right: 4%;'>\n\t\t\t\t\t<div class=\"fusion-column-wrapper\" style=\"padding: 0px 0px 0px 0px;background-position:left top;background-repeat:no-repeat;-webkit-background-size:cover;-moz-background-size:cover;-o-background-size:cover;background-size:cover;\"  data-bg-url=\"\">\n\t\t\t\t\t\t<div class=\"fusion-text\"><h3><span style=\"color: #333333;\"><span style=\"color: #0e660e;\"><strong>Vortrag auf der Nordpferd 21. &#8211; 23.04.2023<br \/>\nWann und warum ben\u00f6tige ich einen Osteopathen f\u00fcr mein Pferd?<\/strong><\/span><strong><br \/>\n<\/strong><\/span><\/h3>\n<p><span style=\"color: #333333;\">St\u00f6rungen im Bewegungsablauf \u00e4u\u00dfern sich h\u00e4ufig in Rittigkeitsproblemen oder Verhaltensauff\u00e4lligkeiten, von Steifheit bis zur echten Lahmheit. H\u00e4ufiges Stolpern, Verwerfen oder falsches Angaloppieren sind nur eine kleine Auswahl an Hinweisen auf eine k\u00f6rperliche Einschr\u00e4nkung des Sportlers Pferd. Ein Osteopath kann Bewegungseinschr\u00e4nkungen durch manuelle Bewegungstherapie behandeln. In meinem Vortrag erkl\u00e4re ich, wie Sie k\u00f6rperliche Probleme bei Ihrem Partner Pferd erkennen k\u00f6nnen.<\/span><\/p>\n<\/div><div class=\"fusion-sep-clear\"><\/div><div class=\"fusion-separator fusion-full-width-sep sep-single sep-solid\" style=\"border-color:#005e00;border-top-width:1px;margin-left: auto;margin-right: auto;margin-top:;\"><\/div><div class=\"fusion-text\"><h3><strong>HansePferd IN HAMBURG\u00a0 VOM 24.-26.04.20<\/strong><\/h3>\n<\/div><div class=\"fusion-sep-clear\"><\/div><div class=\"fusion-separator fusion-full-width-sep sep-single sep-solid\" style=\"border-color:#2c6600;border-top-width:1px;margin-left: auto;margin-right: auto;margin-top:;\"><\/div><div class=\"fusion-text\"><h3><strong>VFD STAMMTISCH in Pinneberg &#8211; Anleitung zur Selbsthilfe &#8211; 05.05.2020 &#8211; 19 UHR<\/strong><\/h3>\n<p>mit Praxis am Pferd<\/p>\n<p align=\"justify\"><strong>Anleitung zur Selbsthilfe<\/strong><\/p>\n<p align=\"justify\">In meinem Vortrag erkl\u00e4re ich, wie Sie k\u00f6rperliche Probleme bei Ihrem Partner Pferd erkennen k\u00f6nnen, und gebe Ihnen Hinweise zur Vorbeugung. Sie lernen einige \u00dcbungen und Massagetechniken kennen, damit Sie Ihrem Pferd etwas gutes tun k\u00f6nnen, und wie Sie Bewegungseinschr\u00e4nkungen vorbeugen k\u00f6nnen.<\/p>\n<p><strong>Wo<\/strong>:<\/p>\n<ul>\n<li>folgt<\/li>\n<\/ul>\n<p><strong>Kosten<\/strong>:<\/p>\n<p style=\"padding-left: 30px;\">kostenlos<\/p>\n<\/div><div class=\"fusion-sep-clear\"><\/div><div class=\"fusion-separator fusion-full-width-sep sep-single sep-solid\" style=\"border-color:#2c6600;border-top-width:1px;margin-left: auto;margin-right: auto;margin-top:;\"><\/div><div class=\"fusion-text\"><h3><strong>NORDPFERD IN NEUM\u00dcNSTER HALLE 6, STAND 603 VOM 12.-14.04.19<\/strong><\/h3>\n<p>am<strong> Freitag, den 12.04.2019<\/strong> um <strong>16 Uhr und <\/strong>am <strong>Samstag, den 13.04.2019<\/strong> um <strong>11 Uhr<\/strong>:<\/p>\n<p>Fachkompetenz am Stand zu dem Thema:<\/p>\n<p style=\"padding-left: 30px;\"><strong>Wie die Seiteng\u00e4nge mit Geraderichten und Versammlung zusammenh\u00e4ngen.<\/strong><\/p>\n<\/div><div class=\"fusion-sep-clear\"><\/div><div class=\"fusion-separator fusion-full-width-sep sep-single sep-solid\" style=\"border-color:#2c6600;border-top-width:1px;margin-left: auto;margin-right: auto;margin-top:;\"><\/div><div class=\"fusion-text\"><h3><strong>NORDPFERD IN NEUM\u00dcNSTER HALLE 6, FORUM VOM 12.-14.04.19<\/strong><\/h3>\n<p>am <strong>Sonntag, den 14.04.2019 um 15.15 &#8211; 15.45 Uhr<\/strong>:<\/p>\n<p>Vortrag im Forum:<\/p>\n<p><strong>Wann und warum ben\u00f6tige ich einen Osteopathen?<\/strong><\/p>\n<p align=\"justify\">St\u00f6rungen im Bewegungsablauf \u00a0\u00e4u\u00dfern sich h\u00e4ufig in Rittigkeitsproblemen oder Verhaltensauff\u00e4lligkeiten, von Steifheit bis zur echten Lahmheit. H\u00e4ufiges Stolpern, Verwerfen oder falsches Angaloppieren sind nur eine kleine Auswahl an Hinweisen auf eine k\u00f6rperliche Einschr\u00e4nkung des Sportlers Pferd. Ein Osteopath kann Bewegungseinschr\u00e4nkungen durch manuelle Bewegungstherapie behandeln. In meinem Vortrag erkl\u00e4re ich, wie Sie k\u00f6rperliche Probleme bei Ihrem Partner Pferd erkennen k\u00f6nnen, und gebe Ihnen Hinweise zur Vorbeugung. Sie erfahren, wie und warum auch so unscheinbare Unf\u00e4lle wie H\u00e4ngenbleiben im Halfter zu k\u00f6rperlichen Einschr\u00e4nkungen f\u00fchren k\u00f6nnen, und was Sie bei der Wahl eines Osteopathen beachten sollten.<\/p>\n<\/div><div class=\"fusion-sep-clear\"><\/div><div class=\"fusion-separator fusion-full-width-sep sep-single sep-solid\" style=\"border-color:#2c6600;border-top-width:1px;margin-left: auto;margin-right: auto;margin-top:;\"><\/div><div class=\"fusion-text\"><h3><strong>\u201eReitertreff-Wochenende\u201c in Ziemendorf 10.-12.05.19<\/strong><\/h3>\n<p>am <strong>Freitag, den 1o.05.2019 um 19 Uhr<\/strong>:<\/p>\n<p>Vortrag im Reiterst\u00fcbchen:<\/p>\n<p><strong>Wann und warum ben\u00f6tige ich einen Osteopathen?<\/strong><\/p>\n<p align=\"justify\">St\u00f6rungen im Bewegungsablauf \u00a0\u00e4u\u00dfern sich h\u00e4ufig in Rittigkeitsproblemen oder Verhaltensauff\u00e4lligkeiten, von Steifheit bis zur echten Lahmheit. H\u00e4ufiges Stolpern, Verwerfen oder falsches Angaloppieren sind nur eine kleine Auswahl an Hinweisen auf eine k\u00f6rperliche Einschr\u00e4nkung des Sportlers Pferd. Ein Osteopath kann Bewegungseinschr\u00e4nkungen durch manuelle Bewegungstherapie behandeln. In meinem Vortrag erkl\u00e4re ich, wie Sie k\u00f6rperliche Probleme bei Ihrem Partner Pferd erkennen k\u00f6nnen, und gebe Ihnen Hinweise zur Vorbeugung. Sie erfahren, wie und warum auch so unscheinbare Unf\u00e4lle wie H\u00e4ngenbleiben im Halfter zu k\u00f6rperlichen Einschr\u00e4nkungen f\u00fchren k\u00f6nnen, und was Sie bei der Wahl eines Osteopathen beachten sollten.<\/p>\n<p align=\"justify\">am <strong>Samstag, den 11.05.2019 um 9 Uhr:<\/strong><\/p>\n<p align=\"justify\"><strong>Anleitung zur Selbsthilfe<\/strong><\/p>\n<p align=\"justify\">Wie kann ich selber Blockaden erkennen und erf\u00fchlen? Wie kann ich diese mit einfachen Methoden l\u00f6sen? Wir erlernen einige \u00dcbungen, Massagetechniken und Methoden um einige Blockaden oder L\u00e4ssionen selber zu behandeln.<\/p>\n<p align=\"justify\">Anmeldung unter: https:\/\/www.pferde-freizeitparadies.de\/<\/p>\n<\/div><div class=\"fusion-sep-clear\"><\/div><div class=\"fusion-separator fusion-full-width-sep sep-single sep-solid\" style=\"border-color:#2c6600;border-top-width:1px;margin-left: auto;margin-right: auto;margin-top:;\"><\/div><div class=\"fusion-text\"><h3><strong>VFD SEMINAR &#8211; ERSTE HILFE AM PFERD &#8211; AM 23.3. 2019 &#8211; 9 BIS 17 UHR<\/strong><\/h3>\n<p>Wie behandle ich kleinere Verletzungen, auch bei Ausritten, und was kann ich tun, um diesen vorzubeugen?<br \/>\n<strong>Referenten<\/strong>:<\/p>\n<ul>\n<li>Anke R\u00fcsb\u00fcldt, Tier\u00e4rztin sowie<\/li>\n<li>Solveig H\u00fcbner, Osteopathin und Trainerin und<\/li>\n<li>Thorsten Schr\u00f6der, Hufschlagschmiedemeister<\/li>\n<\/ul>\n<p><strong>Wo<\/strong>:<\/p>\n<ul>\n<li>Hof Tietjen am Himmelmoor, Heinrich-Hertz-Str.18, 25421 Quickborn<\/li>\n<\/ul>\n<p><strong>Kosten<\/strong>:<\/p>\n<p style=\"padding-left: 30px;\">VFD-Mitglieder HH\/SH: 20,- \u20ac &#8211; Nichtmitglieder: 40,- \u20ac<\/p>\n<p style=\"text-align: left;\"><strong>Anmeldeschluss:<\/strong> 28.2.2019 &#8211;<span style=\"color: #800000;\"><strong> ausgebucht<\/strong><\/span><\/p>\n<\/div><div class=\"fusion-clearfix\"><\/div>\n\n\t\t\t\t\t<\/div>\n\t\t\t\t<\/div><div  class=\"fusion-layout-column fusion_builder_column fusion_builder_column_1_4  fusion-one-fourth fusion-column-last 1_4\"  style='margin-top:20px;margin-bottom:20px;width:25%;width:calc(25% - ( ( 4% ) * 0.25 ) );'>\n\t\t\t\t\t<div class=\"fusion-column-wrapper\" style=\"padding: 30px 0px 0px 0px;background-position:left top;background-repeat:no-repeat;-webkit-background-size:cover;-moz-background-size:cover;-o-background-size:cover;background-size:cover;\"  data-bg-url=\"\">\n\t\t\t\t\t\t<div class=\"fusion-section-separator section-separator\" style=\"padding:0;margin-left:-0px;margin-right:-0px;\"><svg id=\"curvedCandy\" xmlns=\"http:\/\/www.w3.org\/2000\/svg\" version=\"1.1\" width=\"100%\" height=\"100\" viewBox=\"0 0 100 100\" preserveAspectRatio=\"none\" style=\"fill:rgba(246,246,246,0);padding:0;\"><path d=\"M0 100 C 20 0 50 0 100 100 Z\"><\/path><\/svg><\/div><div class=\"fusion-image-frame-bottomshadow image-frame-shadow-1\"><style scoped=\"scoped\">.element-bottomshadow.image-frame-shadow-1{display:inline-block}.element-bottomshadow.imageframe-1:before, .element-bottomshadow.imageframe-1:after{-webkit-box-shadow: 0 17px 10px rgba(44,102,0,0.4);box-shadow: 0 17px 10px rgba(44,102,0,0.4);}<\/style><span class=\"fusion-imageframe imageframe-bottomshadow imageframe-1 element-bottomshadow hover-type-none\"><img decoding=\"async\" loading=\"lazy\" src=\"http:\/\/destino-therapie.de\/wp-content\/uploads\/2020\/01\/P1020540-300x225.jpg\" width=\"300\" height=\"225\" alt=\"\" title=\"P1020540\" class=\"img-responsive wp-image-592\" srcset=\"https:\/\/destino-therapie.de\/wp-content\/uploads\/2020\/01\/P1020540-200x150.jpg 200w, https:\/\/destino-therapie.de\/wp-content\/uploads\/2020\/01\/P1020540-400x300.jpg 400w, https:\/\/destino-therapie.de\/wp-content\/uploads\/2020\/01\/P1020540-600x450.jpg 600w, https:\/\/destino-therapie.de\/wp-content\/uploads\/2020\/01\/P1020540-800x600.jpg 800w, https:\/\/destino-therapie.de\/wp-content\/uploads\/2020\/01\/P1020540-1200x900.jpg 1200w, https:\/\/destino-therapie.de\/wp-content\/uploads\/2020\/01\/P1020540-scaled.jpg 2560w\" sizes=\"(max-width: 750px) 100vw, 300px\" \/><\/span><\/div><div class=\"fusion-section-separator section-separator\" style=\"padding:0;margin-left:-0px;margin-right:-0px;\"><svg id=\"curvedCandy\" xmlns=\"http:\/\/www.w3.org\/2000\/svg\" version=\"1.1\" width=\"100%\" height=\"100\" viewBox=\"0 0 100 100\" preserveAspectRatio=\"none\" style=\"fill:rgba(246,246,246,0);padding:0;\"><path d=\"M0 100 C 20 0 50 0 100 100 Z\"><\/path><\/svg><\/div><div class=\"fusion-image-frame-bottomshadow image-frame-shadow-2\"><style scoped=\"scoped\">.element-bottomshadow.image-frame-shadow-2{display:inline-block}.element-bottomshadow.imageframe-2:before, .element-bottomshadow.imageframe-2:after{-webkit-box-shadow: 0 17px 10px rgba(44,102,0,0.4);box-shadow: 0 17px 10px rgba(44,102,0,0.4);}<\/style><span class=\"fusion-imageframe imageframe-bottomshadow imageframe-2 element-bottomshadow hover-type-none\"><img decoding=\"async\" loading=\"lazy\" src=\"http:\/\/destino-therapie.de\/wp-content\/uploads\/2019\/03\/NP-Banner-300x300px.jpg\" width=\"\" height=\"\" alt=\"\" title=\"NP-Banner-300x300px\" class=\"img-responsive wp-image-526\" srcset=\"https:\/\/destino-therapie.de\/wp-content\/uploads\/2019\/03\/NP-Banner-300x300px-200x200.jpg 200w, https:\/\/destino-therapie.de\/wp-content\/uploads\/2019\/03\/NP-Banner-300x300px.jpg 300w\" sizes=\"(max-width: 750px) 100vw, 300px\" \/><\/span><\/div><div class=\"fusion-section-separator section-separator\" style=\"padding:0;margin-left:-0px;margin-right:-0px;\"><svg id=\"curvedCandy\" xmlns=\"http:\/\/www.w3.org\/2000\/svg\" version=\"1.1\" width=\"100%\" height=\"100\" viewBox=\"0 0 100 100\" preserveAspectRatio=\"none\" style=\"fill:rgba(246,246,246,0);padding:0;\"><path d=\"M0 100 C 20 0 50 0 100 100 Z\"><\/path><\/svg><\/div><div class=\"imageframe-align-center\"><div class=\"fusion-image-frame-bottomshadow image-frame-shadow-3\"><style scoped=\"scoped\">.element-bottomshadow.image-frame-shadow-3{display:inline-block}.element-bottomshadow.imageframe-3:before, .element-bottomshadow.imageframe-3:after{-webkit-box-shadow: 0 17px 10px rgba(44,102,0,0.4);box-shadow: 0 17px 10px rgba(44,102,0,0.4);}<\/style><span class=\"fusion-imageframe imageframe-bottomshadow imageframe-3 element-bottomshadow hover-type-none\"><a href=\"http:\/\/wordpress.destino-therapie.de\/wp-content\/uploads\/2019\/01\/IMG_1353-300x200.jpg\" class=\"fusion-lightbox\" data-rel=\"iLightbox[3af8384f139bdd147b4]\" data-title=\"\u00a9 Pia Heibach\" title=\"\u00a9 Pia Heibach\"><img decoding=\"async\" loading=\"lazy\" src=\"http:\/\/wordpress.destino-therapie.de\/wp-content\/uploads\/2019\/01\/IMG_1353-300x200.jpg\" width=\"300\" height=\"200\" alt=\"\u00a9 Pia Heibach\" class=\"img-responsive wp-image-35\"\/><\/a><\/span><\/div><\/div><div class=\"fusion-section-separator section-separator\" style=\"padding:0;margin-left:-0px;margin-right:-0px;\"><svg id=\"curvedCandy\" xmlns=\"http:\/\/www.w3.org\/2000\/svg\" version=\"1.1\" width=\"100%\" height=\"100\" viewBox=\"0 0 100 100\" preserveAspectRatio=\"none\" style=\"fill:rgba(246,246,246,0);padding:0;\"><path d=\"M0 100 C 20 0 50 0 100 100 Z\"><\/path><\/svg><\/div><div class=\"imageframe-align-center\"><div class=\"fusion-image-frame-bottomshadow image-frame-shadow-4\"><style scoped=\"scoped\">.element-bottomshadow.image-frame-shadow-4{display:inline-block}.element-bottomshadow.imageframe-4:before, .element-bottomshadow.imageframe-4:after{-webkit-box-shadow: 0 17px 10px rgba(44,102,0,0.4);box-shadow: 0 17px 10px rgba(44,102,0,0.4);}<\/style><span class=\"fusion-imageframe imageframe-bottomshadow imageframe-4 element-bottomshadow hover-type-none\"><a href=\"http:\/\/destino-therapie.de\/wp-content\/uploads\/2019\/01\/DSC_9096-1000-400x265.jpg\" class=\"fusion-lightbox\" data-rel=\"iLightbox[46ab60d9c45df987e9f]\" data-title=\"\u00a9Herold H\u00fcbner\" title=\"\u00a9Herold H\u00fcbner\"><img decoding=\"async\" loading=\"lazy\" src=\"http:\/\/destino-therapie.de\/wp-content\/uploads\/2019\/01\/DSC_9096-1000-400x265.jpg\" width=\"400\" height=\"265\" alt=\"\u00a9Herold H\u00fcbner\" class=\"img-responsive wp-image-252\" srcset=\"https:\/\/destino-therapie.de\/wp-content\/uploads\/2019\/01\/DSC_9096-1000-200x132.jpg 200w, https:\/\/destino-therapie.de\/wp-content\/uploads\/2019\/01\/DSC_9096-1000-400x265.jpg 400w, https:\/\/destino-therapie.de\/wp-content\/uploads\/2019\/01\/DSC_9096-1000-600x397.jpg 600w, https:\/\/destino-therapie.de\/wp-content\/uploads\/2019\/01\/DSC_9096-1000-800x530.jpg 800w, https:\/\/destino-therapie.de\/wp-content\/uploads\/2019\/01\/DSC_9096-1000.jpg 1000w\" sizes=\"(max-width: 750px) 100vw, 400px\" \/><\/a><\/span><\/div><\/div><div class=\"fusion-section-separator section-separator\" style=\"padding:0;margin-left:-0px;margin-right:-0px;\"><svg id=\"curvedCandy\" xmlns=\"http:\/\/www.w3.org\/2000\/svg\" version=\"1.1\" width=\"100%\" height=\"100\" viewBox=\"0 0 100 100\" preserveAspectRatio=\"none\" style=\"fill:rgba(246,246,246,0);padding:0;\"><path d=\"M0 100 C 20 0 50 0 100 100 Z\"><\/path><\/svg><\/div><div class=\"imageframe-align-center\"><div class=\"fusion-image-frame-bottomshadow image-frame-shadow-5\"><style scoped=\"scoped\">.element-bottomshadow.image-frame-shadow-5{display:inline-block}.element-bottomshadow.imageframe-5:before, .element-bottomshadow.imageframe-5:after{-webkit-box-shadow: 0 17px 10px rgba(44,102,0,0.4);box-shadow: 0 17px 10px rgba(44,102,0,0.4);}<\/style><span class=\"fusion-imageframe imageframe-bottomshadow imageframe-5 element-bottomshadow hover-type-none\"><a href=\"http:\/\/wordpress.destino-therapie.de\/wp-content\/uploads\/2019\/01\/IMG_1110-300x200.jpg\" class=\"fusion-lightbox\" data-rel=\"iLightbox[9823a9f4d78edb74aae]\" data-title=\"\u00a9 Pia Heibach\" title=\"\u00a9 Pia Heibach\"><img decoding=\"async\" loading=\"lazy\" src=\"http:\/\/wordpress.destino-therapie.de\/wp-content\/uploads\/2019\/01\/IMG_1110-300x200.jpg\" width=\"300\" height=\"200\" alt=\"\u00a9 Pia Heibach\" class=\"img-responsive wp-image-32\"\/><\/a><\/span><\/div><\/div><div class=\"fusion-clearfix\"><\/div>\n\n\t\t\t\t\t<\/div>\n\t\t\t\t<\/div><\/div><\/div><\/p>\n","protected":false},"excerpt":{"rendered":"","protected":false},"author":1,"featured_media":0,"parent":0,"menu_order":0,"comment_status":"closed","ping_status":"closed","template":"","meta":[],"_links":{"self":[{"href":"https:\/\/destino-therapie.de\/index.php?rest_route=\/wp\/v2\/pages\/109"}],"collection":[{"href":"https:\/\/destino-therapie.de\/index.php?rest_route=\/wp\/v2\/pages"}],"about":[{"href":"https:\/\/destino-therapie.de\/index.php?rest_route=\/wp\/v2\/types\/page"}],"author":[{"embeddable":true,"href":"https:\/\/destino-therapie.de\/index.php?rest_route=\/wp\/v2\/users\/1"}],"replies":[{"embeddable":true,"href":"https:\/\/destino-therapie.de\/index.php?rest_route=%2Fwp%2Fv2%2Fcomments&post=109"}],"version-history":[{"count":35,"href":"https:\/\/destino-therapie.de\/index.php?rest_route=\/wp\/v2\/pages\/109\/revisions"}],"predecessor-version":[{"id":630,"href":"https:\/\/destino-therapie.de\/index.php?rest_route=\/wp\/v2\/pages\/109\/revisions\/630"}],"wp:attachment":[{"href":"https:\/\/destino-therapie.de\/index.php?rest_route=%2Fwp%2Fv2%2Fmedia&parent=109"}],"curies":[{"name":"wp","href":"https:\/\/api.w.org\/{rel}","templated":true}]}}