{"id":100,"date":"2019-01-10T17:20:42","date_gmt":"2019-01-10T16:20:42","guid":{"rendered":"http:\/\/wordpress.destino-therapie.de\/?page_id=100"},"modified":"2023-02-17T10:17:29","modified_gmt":"2023-02-17T09:17:29","slug":"leistungen","status":"publish","type":"page","link":"https:\/\/destino-therapie.de\/?page_id=100","title":{"rendered":"LEISTUNGEN"},"content":{"rendered":"<p><div class=\"fusion-fullwidth fullwidth-box nonhundred-percent-fullwidth non-hundred-percent-height-scrolling\"  style='background-color: rgba(255,255,255,0);background-position: center center;background-repeat: no-repeat;padding-top:0px;padding-right:10%;padding-bottom:0px;padding-left:10%;'><div class=\"fusion-builder-row fusion-row \"><div  class=\"fusion-layout-column fusion_builder_column fusion_builder_column_1_1  fusion-one-full fusion-column-first fusion-column-last 1_1\"  style='margin-top:20px;margin-bottom:20px;'>\n\t\t\t\t\t<div class=\"fusion-column-wrapper\" style=\"padding: 0px 0px 0px 0px;background-position:left top;background-repeat:no-repeat;-webkit-background-size:cover;-moz-background-size:cover;-o-background-size:cover;background-size:cover;\"  data-bg-url=\"\">\n\t\t\t\t\t\t<div class=\"fusion-text\"><h1 style=\"text-align: center;\"><strong>LEISTUNGEN<\/strong><\/h1>\n<\/div><div class=\"fusion-clearfix\"><\/div>\n\n\t\t\t\t\t<\/div>\n\t\t\t\t<\/div><\/div><\/div><div class=\"fusion-fullwidth fullwidth-box nonhundred-percent-fullwidth non-hundred-percent-height-scrolling\"  style='background-color: rgba(255,255,255,0);background-position: center center;background-repeat: no-repeat;padding-top:0px;padding-right:10%;padding-bottom:0px;padding-left:10%;'><div class=\"fusion-builder-row fusion-row \"><div  class=\"fusion-layout-column fusion_builder_column fusion_builder_column_1_2  fusion-one-half fusion-column-first 1_2\"  style='margin-top:20px;margin-bottom:20px;width:50%;width:calc(50% - ( ( 4% ) * 0.5 ) );margin-right: 4%;'>\n\t\t\t\t\t<div class=\"fusion-column-wrapper\" style=\"padding: 0px 0px 0px 0px;background-position:left top;background-repeat:no-repeat;-webkit-background-size:cover;-moz-background-size:cover;-o-background-size:cover;background-size:cover;\"  data-bg-url=\"\">\n\t\t\t\t\t\t<div class=\"fusion-text\"><p style=\"text-align: center;\">Das Spektrum meiner Leistungen umfasst:<\/p>\n<\/div><div class=\"fusion-text\"><p><a href=\"http:\/\/wordpress.destino-therapie.de\/behandlung\/\"><strong>BEHANDLUNG &#8211; OSTEOPATHIE<\/strong><\/a><\/p>\n<ul>\n<li>Faszientherapie<\/li>\n<li>Massagen und Weichteilbehadlungen<\/li>\n<li>Craniosacrale Therapie<\/li>\n<li>Thermo- und Hydrotherapie<\/li>\n<li>Physiotherapie<\/li>\n<li>Mobilisation der Gelenke<\/li>\n<li>Wirbels\u00e4ulentherapie<\/li>\n<li>Lahmheitsdiagnostik<\/li>\n<\/ul>\n<\/div><div class=\"fusion-text\"><p><a href=\"http:\/\/wordpress.destino-therapie.de\/training\/\"><strong>GANZHEITLICHES GESUNDHEITSTRAINING<\/strong><\/a><\/p>\n<ul>\n<li>Bewegungstherapie<\/li>\n<li>Reha- und Aufbautraining<\/li>\n<li>physiotherapeutischer Beritt und Unterricht<\/li>\n<li>individuelle Trainingspl\u00e4ne<\/li>\n<li>Ausr\u00fcstungskontrolle (z.B. Sattelkontrolle)<\/li>\n<\/ul>\n<\/div><div class=\"fusion-text\"><p><a href=\"http:\/\/wordpress.destino-therapie.de\/reiten\/\"><strong>AUSBILDUNG VON REITER UND PFERD<\/strong><\/a><\/p>\n<ul>\n<li>Ausbildung von Jungtieren bis zur Piaff<\/li>\n<li>Freiarbeit<\/li>\n<li>Handarbeit<\/li>\n<li>Bodenarbeit<\/li>\n<li>Longen- und Doppellongenunterricht<\/li>\n<li>Langz\u00fcgelarbeit<\/li>\n<li>Reitunterricht und Sitzschulungen<\/li>\n<li>Seminare und Lehrg\u00e4nge zu verschiedenen Themenschwerpunkten<br \/>\nSprechen Sie mich hierzu gerne an!<\/li>\n<\/ul>\n<\/div><div class=\"fusion-text\"><p><strong>BLUTEGEL &#8211; Therapie<\/strong><\/p>\n<\/div><div class=\"fusion-clearfix\"><\/div>\n\n\t\t\t\t\t<\/div>\n\t\t\t\t<\/div><div  class=\"fusion-layout-column fusion_builder_column fusion_builder_column_1_2  fusion-one-half fusion-column-last 1_2\"  style='margin-top:20px;margin-bottom:20px;width:50%;width:calc(50% - ( ( 4% ) * 0.5 ) );'>\n\t\t\t\t\t<div class=\"fusion-column-wrapper\" style=\"padding: 0px 0px 0px 0px;background-position:left top;background-repeat:no-repeat;-webkit-background-size:cover;-moz-background-size:cover;-o-background-size:cover;background-size:cover;\"  data-bg-url=\"\">\n\t\t\t\t\t\t<div class=\"fusion-sep-clear\"><\/div><div class=\"fusion-separator fusion-full-width-sep sep-none\" style=\"margin-left: auto;margin-right: auto;margin-top:30px;\"><\/div><div class=\"imageframe-align-center\"><div class=\"fusion-image-frame-bottomshadow image-frame-shadow-1\"><style scoped=\"scoped\">.element-bottomshadow.image-frame-shadow-1{display:inline-block}.element-bottomshadow.imageframe-1:before, .element-bottomshadow.imageframe-1:after{-webkit-box-shadow: 0 17px 10px rgba(44,102,0,0.4);box-shadow: 0 17px 10px rgba(44,102,0,0.4);}<\/style><span class=\"fusion-imageframe imageframe-bottomshadow imageframe-1 element-bottomshadow hover-type-none\"><a href=\"http:\/\/wordpress.destino-therapie.de\/wp-content\/uploads\/2019\/01\/Freiarbeit-300x200.jpg\" class=\"fusion-lightbox\" data-rel=\"iLightbox[9f11cf9e537ed3f7991]\" data-title=\"Freiarbeit\u00a9Lena D.\" title=\"Freiarbeit\u00a9Lena D.\"><img decoding=\"async\" loading=\"lazy\" src=\"http:\/\/wordpress.destino-therapie.de\/wp-content\/uploads\/2019\/01\/Freiarbeit-300x200.jpg\" width=\"300\" height=\"200\" alt=\"Freiarbeit\u00a9Lena D.\" class=\"img-responsive wp-image-29\"\/><\/a><\/span><\/div><\/div><div class=\"fusion-section-separator section-separator\" style=\"padding:0;margin-left:-0px;margin-right:-0px;\"><svg id=\"curvedCandy\" xmlns=\"http:\/\/www.w3.org\/2000\/svg\" version=\"1.1\" width=\"100%\" height=\"100\" viewBox=\"0 0 100 100\" preserveAspectRatio=\"none\" style=\"fill:rgba(246,246,246,0);padding:0;\"><path d=\"M0 100 C 20 0 50 0 100 100 Z\"><\/path><\/svg><\/div><div class=\"imageframe-align-center\"><div class=\"fusion-image-frame-bottomshadow image-frame-shadow-2\"><style scoped=\"scoped\">.element-bottomshadow.image-frame-shadow-2{display:inline-block}.element-bottomshadow.imageframe-2:before, .element-bottomshadow.imageframe-2:after{-webkit-box-shadow: 0 17px 10px rgba(44,102,0,0.4);box-shadow: 0 17px 10px rgba(44,102,0,0.4);}<\/style><span class=\"fusion-imageframe imageframe-bottomshadow imageframe-2 element-bottomshadow hover-type-none\"><a href=\"http:\/\/wordpress.destino-therapie.de\/wp-content\/uploads\/2019\/01\/IMG_1353-300x200.jpg\" class=\"fusion-lightbox\" data-rel=\"iLightbox[3af8384f139bdd147b4]\" data-title=\"\u00a9 Pia Heibach\" title=\"\u00a9 Pia Heibach\"><img decoding=\"async\" loading=\"lazy\" src=\"http:\/\/wordpress.destino-therapie.de\/wp-content\/uploads\/2019\/01\/IMG_1353-300x200.jpg\" width=\"300\" height=\"200\" alt=\"\u00a9 Pia Heibach\" class=\"img-responsive wp-image-35\"\/><\/a><\/span><\/div><\/div><div class=\"fusion-section-separator section-separator\" style=\"border-top:20px solid rgba(246,246,246,0);margin-left:-0px;margin-right:-0px;\"><div class=\"divider-candy-arrow top\" style=\"bottom:20px;border-bottom-color: rgba(246,246,246,0);\"><\/div><div class=\"divider-candy top\" style=\"top:-40px;border-bottom:1px solid rgba(246,246,246,0);border-left:1px solid rgba(246,246,246,0);\"><\/div><\/div><div class=\"fusion-clearfix\"><\/div>\n\n\t\t\t\t\t<\/div>\n\t\t\t\t<\/div><\/div><\/div><div class=\"fusion-fullwidth fullwidth-box nonhundred-percent-fullwidth non-hundred-percent-height-scrolling\"  style='background-color: rgba(255,255,255,0);background-position: center center;background-repeat: no-repeat;padding-top:0px;padding-right:10%;padding-bottom:0px;padding-left:10%;'><div class=\"fusion-builder-row fusion-row \"><div  class=\"fusion-layout-column fusion_builder_column fusion_builder_column_3_4  fusion-three-fourth fusion-column-first 3_4\"  style='margin-top:20px;margin-bottom:20px;width:75%;width:calc(75% - ( ( 4% ) * 0.75 ) );margin-right: 4%;'>\n\t\t\t\t\t<div class=\"fusion-column-wrapper\" style=\"padding: 0px 0px 0px 0px;background-position:left top;background-repeat:no-repeat;-webkit-background-size:cover;-moz-background-size:cover;-o-background-size:cover;background-size:cover;\"  data-bg-url=\"\">\n\t\t\t\t\t\t<div class=\"fusion-text\"><h3><strong>Im Fokus meiner ganzheitlichen Arbeit erkl\u00e4re ich stets Zusammenh\u00e4nge:<\/strong><\/h3>\n<ul>\n<li>neben dem praxisbezogenen Unterricht, die theoretischen Hintergr\u00fcnde von \u00a0Anatomie und Biomechanik<\/li>\n<li>zwischen dem individuellen K\u00f6rperbau und der Psyche bzw. bestimmte Verhaltensweisen<\/li>\n<li>bei allen Aspekten, die neben dem Training ebenfalls eine entscheidende Rolle f\u00fcr die Gesundheit des Pferdes spielen, wie F\u00fctterung, Haltung, Ausr\u00fcstungspassform, Hufgesundheit, mit Beratung und Hilfe<\/li>\n<\/ul>\n<p align=\"justify\">Ob Sie Anf\u00e4nger oder Fortgeschrittener sind, erarbeiten wir gemeinsam ihrem Leistungsstand entsprechend\u00a0 ein ausgewogenes und abwechslungsreiches Trainingsprogramm, welches Pferd und Reiter Spa\u00df machen soll.<\/p>\n<\/div><div class=\"fusion-clearfix\"><\/div>\n\n\t\t\t\t\t<\/div>\n\t\t\t\t<\/div><div  class=\"fusion-layout-column fusion_builder_column fusion_builder_column_1_4  fusion-one-fourth fusion-column-last 1_4\"  style='margin-top:20px;margin-bottom:20px;width:25%;width:calc(25% - ( ( 4% ) * 0.25 ) );'>\n\t\t\t\t\t<div class=\"fusion-column-wrapper\" style=\"padding: 0px 0px 0px 0px;background-position:left top;background-repeat:no-repeat;-webkit-background-size:cover;-moz-background-size:cover;-o-background-size:cover;background-size:cover;\"  data-bg-url=\"\">\n\t\t\t\t\t\t<div class=\"fusion-sep-clear\"><\/div><div class=\"fusion-separator fusion-full-width-sep sep-none\" style=\"margin-left: auto;margin-right: auto;margin-top:30px;\"><\/div><div class=\"imageframe-align-center\"><div class=\"fusion-image-frame-bottomshadow image-frame-shadow-3\"><style scoped=\"scoped\">.element-bottomshadow.image-frame-shadow-3{display:inline-block}.element-bottomshadow.imageframe-3:before, .element-bottomshadow.imageframe-3:after{-webkit-box-shadow: 0 17px 10px rgba(44,102,0,0.4);box-shadow: 0 17px 10px rgba(44,102,0,0.4);}<\/style><span class=\"fusion-imageframe imageframe-bottomshadow imageframe-3 element-bottomshadow hover-type-none\"><a href=\"http:\/\/wordpress.destino-therapie.de\/wp-content\/uploads\/2019\/01\/Freiarbeit-300x200.jpg\" class=\"fusion-lightbox\" data-rel=\"iLightbox[9f11cf9e537ed3f7991]\" data-title=\"Freiarbeit\u00a9Lena D.\" title=\"Freiarbeit\u00a9Lena D.\"><img decoding=\"async\" loading=\"lazy\" src=\"http:\/\/wordpress.destino-therapie.de\/wp-content\/uploads\/2019\/01\/Freiarbeit-300x200.jpg\" width=\"300\" height=\"200\" alt=\"Freiarbeit\u00a9Lena D.\" class=\"img-responsive wp-image-29\"\/><\/a><\/span><\/div><\/div><div class=\"fusion-section-separator section-separator\" style=\"padding:0;margin-left:-0px;margin-right:-0px;\"><svg id=\"curvedCandy\" xmlns=\"http:\/\/www.w3.org\/2000\/svg\" version=\"1.1\" width=\"100%\" height=\"100\" viewBox=\"0 0 100 100\" preserveAspectRatio=\"none\" style=\"fill:rgba(246,246,246,0);padding:0;\"><path d=\"M0 100 C 20 0 50 0 100 100 Z\"><\/path><\/svg><\/div><div class=\"fusion-clearfix\"><\/div>\n\n\t\t\t\t\t<\/div>\n\t\t\t\t<\/div><\/div><\/div><\/p>\n","protected":false},"excerpt":{"rendered":"","protected":false},"author":1,"featured_media":0,"parent":0,"menu_order":0,"comment_status":"closed","ping_status":"closed","template":"","meta":[],"_links":{"self":[{"href":"https:\/\/destino-therapie.de\/index.php?rest_route=\/wp\/v2\/pages\/100"}],"collection":[{"href":"https:\/\/destino-therapie.de\/index.php?rest_route=\/wp\/v2\/pages"}],"about":[{"href":"https:\/\/destino-therapie.de\/index.php?rest_route=\/wp\/v2\/types\/page"}],"author":[{"embeddable":true,"href":"https:\/\/destino-therapie.de\/index.php?rest_route=\/wp\/v2\/users\/1"}],"replies":[{"embeddable":true,"href":"https:\/\/destino-therapie.de\/index.php?rest_route=%2Fwp%2Fv2%2Fcomments&post=100"}],"version-history":[{"count":32,"href":"https:\/\/destino-therapie.de\/index.php?rest_route=\/wp\/v2\/pages\/100\/revisions"}],"predecessor-version":[{"id":614,"href":"https:\/\/destino-therapie.de\/index.php?rest_route=\/wp\/v2\/pages\/100\/revisions\/614"}],"wp:attachment":[{"href":"https:\/\/destino-therapie.de\/index.php?rest_route=%2Fwp%2Fv2%2Fmedia&parent=100"}],"curies":[{"name":"wp","href":"https:\/\/api.w.org\/{rel}","templated":true}]}}