{"id":10,"date":"2019-01-10T15:28:06","date_gmt":"2019-01-10T14:28:06","guid":{"rendered":"http:\/\/destino-therapie.de\/?page_id=10"},"modified":"2023-02-16T16:33:01","modified_gmt":"2023-02-16T15:33:01","slug":"osteopathie","status":"publish","type":"page","link":"https:\/\/destino-therapie.de\/?page_id=10","title":{"rendered":"OSTEOPATHIE"},"content":{"rendered":"<p><div class=\"fusion-fullwidth fullwidth-box nonhundred-percent-fullwidth non-hundred-percent-height-scrolling\"  style='background-color: rgba(255,255,255,0);background-position: center center;background-repeat: no-repeat;padding-top:0px;padding-right:10%;padding-bottom:0px;padding-left:10%;'><div class=\"fusion-builder-row fusion-row \"><div  class=\"fusion-layout-column fusion_builder_column fusion_builder_column_1_1  fusion-one-full fusion-column-first fusion-column-last 1_1\"  style='margin-top:20px;margin-bottom:20px;'>\n\t\t\t\t\t<div class=\"fusion-column-wrapper\" style=\"padding: 0px 0px 0px 0px;background-position:left top;background-repeat:no-repeat;-webkit-background-size:cover;-moz-background-size:cover;-o-background-size:cover;background-size:cover;\"  data-bg-url=\"\">\n\t\t\t\t\t\t<div class=\"fusion-title title fusion-sep-none fusion-title-size-one\" style=\"margin-top:0px;margin-bottom:31px;\"><h1 class=\"title-heading-left\"><h1 style=\"text-align: center;\"><strong>OSTEOPATHIE<\/strong><\/h1><\/h1><\/div><div class=\"fusion-clearfix\"><\/div>\n\n\t\t\t\t\t<\/div>\n\t\t\t\t<\/div><\/div><\/div><div class=\"fusion-fullwidth fullwidth-box nonhundred-percent-fullwidth non-hundred-percent-height-scrolling\"  style='background-color: rgba(255,255,255,0);background-position: center center;background-repeat: no-repeat;padding-top:0px;padding-right:10%;padding-bottom:0px;padding-left:10%;'><div class=\"fusion-builder-row fusion-row \"><div  class=\"fusion-layout-column fusion_builder_column fusion_builder_column_4_5  fusion-four-fifth fusion-column-first 4_5\"  style='margin-top:20px;margin-bottom:20px;width:80%;width:calc(80% - ( ( 4% ) * 0.8 ) );margin-right: 4%;'>\n\t\t\t\t\t<div class=\"fusion-column-wrapper\" style=\"padding: 0px 0px 0px 0px;background-position:left top;background-repeat:no-repeat;-webkit-background-size:cover;-moz-background-size:cover;-o-background-size:cover;background-size:cover;\"  data-bg-url=\"\">\n\t\t\t\t\t\t<div class=\"fusion-text\"><p align=\"justify\">Die <b>Ostheopathie<\/b> ist eine alte Heilmethode und zeichnet sich durch ganzheitliche, sanfte und rein manuelle Methoden aus, bei der bis auf wenige Ausnahmen ausschlie\u00dflich mit den H\u00e4nden untersucht und behandelt wird. Das Prinzip beruht insbesondere auf der\u00a0 Behebung von St\u00f6rungen der K\u00f6rpermechanik durch manuelle Techniken.<\/p>\n<p align=\"justify\">Das <strong>therapeutische Ziel<\/strong> ist die <strong>Untersuchung<\/strong> und das <strong>Beheben von Bewegungseinschr\u00e4nkungen<\/strong> aller Gelenke des K\u00f6rpers, insbesondere der Wirbels\u00e4ule. Ebenfalls werden die<strong> Muskulatur, Faszien <\/strong>und andere wichtige Strukturen wie z.B. Lymphsystem und Sehnen behandelt.\u00a0 Schon kleinste <strong>Fehlstellungen und Blockaden<\/strong> in den Gelenken ver\u00e4ndern den Informationsfluss im Nervensystem und damit die Funktion der Muskulatur und aller anderen K\u00f6rpersysteme. <strong>Blockaden k\u00f6nnen sich auch in anderen K\u00f6rperbereichen \u00e4u\u00dfern.<\/strong><\/p>\n<p align=\"justify\">Verursacht wird dies durch vielf\u00e4ltige <b>Kompensationsmechanismen<\/b> des K\u00f6rpers. Funktionen und Aufgaben eines eingeschr\u00e4nkten K\u00f6rperteils werden von anderen K\u00f6rperbereichen \u00fcbernommen, um die Bewegungseinschr\u00e4nkung weitestgehend auszugleichen. Zu einem bestimmten Zeitpunkt sind jedoch diese Kompensationsmechanismen ersch\u00f6pft und eine kleine Funktionsst\u00f6rung kann sich zu einem krankmachenden Prozess entwickeln. Beispielsweise kann eine St\u00f6rung im Bereich des 1. Halswirbels ein Problem mit dem Becken hervorrufen.<\/p>\n<\/div><div class=\"fusion-text\"><h2><strong>DAS ZIEL<\/strong><\/h2>\n<p align=\"justify\">Das Ziel ist die Selbstheilungskr\u00e4fte des K\u00f6rpers zu reaktivieren und eine Harmonisierung innerhalb des Organismus herbeizuf\u00fchren, um das Pferd auf lange Sicht gesund und leistungsf\u00e4hig zu halten. Ein Gesundheits-Check sollte 1-2-mal im Jahr erfolgen.<br \/>\nDie osteopathische Behandlung wird optimalerweise durch die Physiotherapie unterst\u00fctzt. Zur effektiven Behandlung ist eine enge Zusammenarbeit mit Tier\u00e4rzten, Dentisten, Schmieden, Sattlern, Tierheilpraktikern, Reitern, Reitlehrer\/Trainer und nat\u00fcrlich mit dem Besitzer wichtig.<\/p>\n<p align=\"justify\">Osteopathie ist keine Konkurrenz zur traditionellen Tiermedizin, sondern versteht sich als eine in vielen Gebieten optimale Erg\u00e4nzung der schulmedizinischen Behandlung. Sie kann einen Beitrag leisten zur Steigerung oder Wiederherstellung des Wohlbefindens und der Leistungsf\u00e4higkeit Ihres Tieres, egal, ob es sich um ein Pferd aus dem Spitzensport, ihr Freizeitpferd, das alte Pferd in Rente handelt.<\/p>\n<\/div><div class=\"fusion-text\"><h2><strong>MEIN FOKUS &#8211; ZUSAMMENH\u00c4NGE ERKENNEN<\/strong><\/h2>\n<\/div><div class=\"fusion-text\"><p align=\"justify\">Im Humanbereich ist es selbstverst\u00e4ndlich, dass Sportler von Osteopathen und Physiotherapeuten betreut werden, damit sie sich keine Verletzungen zuf\u00fcgen oder diese besser heilen. Pr\u00e4vention und Rehabilitation sind bekanntes Vorgehen. Auch zum Beispiel nach Br\u00fcchen, einer OP oder Sehnenverletzung wird der Heilungsprozess durch osteopathische oder physiotherapeutische Ma\u00dfnahmen unterst\u00fctzt.<\/p>\n<p align=\"justify\">Unsere Pferde sind Bewegungstiere, sie werden trainiert sowohl im Freizeitsport als auch im Turniersport.<\/p>\n<p align=\"justify\">Lassen Sie es gar nicht so weit kommen, dass Ihr Pferd zum Patienten wird. Eine osteopathische Kontrolle 1-2 mal im Jahr unterst\u00fctzt den Bewegungsapparat des Pferdes und pr\u00e4ventierendes Training \/ Gesundheitstraining hilft, Verletzungen vorzubeugen und den K\u00f6rper lange gesund und fit zu halten.<\/p>\n<h3 align=\"justify\"><strong>Wann sollte ich einen Osteopathen rufen?<\/strong><\/h3>\n<p align=\"justify\">Bei welchen Indikatoren\/ Anzeichen\u00a0 kann eine Behandlung sinnvoll sein?<\/p>\n<p>Eine osteopathische Behandlung Ihres Pferdes sollten Sie in Betracht ziehen, bei<\/p>\n<p>Rittigkeitsproblemen, wie:<\/p>\n<ul>\n<li>Taktfehler in verschiedenen Gangarten, Lahmheit<\/li>\n<li>Schwierigkeiten u.a. beim Untertreten, Stellung, Biegung<\/li>\n<li>schlechte Kopf-, Hals- und Schweifstellung in Ruhe und w\u00e4hrend der Arbeit<\/li>\n<li>Steifheit<\/li>\n<li>Buckeln oder Steigen<\/li>\n<li>Festhalten oder Wegdr\u00fccken des R\u00fcckens<\/li>\n<li>Fehlende Vorw\u00e4rts-Abw\u00e4rts-Dehnung<\/li>\n<li>Verwerfen im Genick<\/li>\n<li>Widersetzlichkeit gegen die Reiterhilfen<\/li>\n<li>verweigern vor Hindernissen<\/li>\n<li>mangelnder Raumgriff<\/li>\n<li>Stolpern<\/li>\n<li>h\u00e4ufig den Unterhals herausdr\u00fccken<\/li>\n<\/ul>\n<p>Verhaltensauff\u00e4lligkeiten, wie:<\/p>\n<ul>\n<li>Leistungsabfall oder geringer Leistungsbereitschaft<\/li>\n<li>Bei\u00dfen, aggressives Verhalten<\/li>\n<li>Schweifschlagen, Einklemmen oder Schiefhaltung des Schweifes<\/li>\n<li>Kopfschlagen, Schiefhaltung des Kopfes<\/li>\n<li>Empfindlichkeiten am R\u00fccken, Bauch und der Gurtlage beim Putzen und Satteln<\/li>\n<li>beim Satteln die Ohren anlegen, den Kopf schlagen oder in die Luft bei\u00dfen<\/li>\n<li>Mangel an Losgelassenheit und Anlehnung<\/li>\n<li>wenn es Schmerzen zeigt<\/li>\n<li>allgemein schlechte K\u00f6rperhaltung<\/li>\n<li>bei unklaren Lahmheiten<\/li>\n<li>bei empfindlichem R\u00fccken<\/li>\n<li>bei Problemen beim Schmied<\/li>\n<li>bei grunds\u00e4tzlicher Muskelverspannung<\/li>\n<li>schlechte Futteraufnahme<\/li>\n<li>h\u00e4ufiges Scheuern oder Wunden an der gleichen Stelle<\/li>\n<\/ul>\n<p>Andere Hinweise oder unterst\u00fctzende Betreuung:<\/p>\n<ul>\n<li>Leistungspferde, Sportpferde oder Pferde, die eingetragen werden sollen<\/li>\n<li>nach einem Sturz oder Unfall<\/li>\n<li>nach einer OP<\/li>\n<li>bei Stoffwechselerkrankungen<\/li>\n<li>Wunden- und Narbengewebe<\/li>\n<li>Unpassende Ausr\u00fcstung<\/li>\n<\/ul>\n<p align=\"justify\">Je nach Befund lege ich viel Wert auf die enge Zusammenarbeit mit dem Tierarzt, Schmied, Zahnarzt, Sattler, Trainer und Reiter, die in die Diagnostik und in die Behandlung einbezogen werden.<\/p>\n<\/div><div class=\"fusion-clearfix\"><\/div>\n\n\t\t\t\t\t<\/div>\n\t\t\t\t<\/div><div  class=\"fusion-layout-column fusion_builder_column fusion_builder_column_1_5  fusion-one-fifth fusion-column-last 1_5\"  style='margin-top:20px;margin-bottom:20px;width:20%;width:calc(20% - ( ( 4% ) * 0.2 ) );'>\n\t\t\t\t\t<div class=\"fusion-column-wrapper\" style=\"padding: 0px 0px 0px 0px;background-position:left top;background-repeat:no-repeat;-webkit-background-size:cover;-moz-background-size:cover;-o-background-size:cover;background-size:cover;\"  data-bg-url=\"\">\n\t\t\t\t\t\t<div class=\"fusion-column-content-centered\"><div class=\"fusion-column-content\"><div class=\"imageframe-align-center\"><div class=\"fusion-image-frame-bottomshadow image-frame-shadow-1\"><style scoped=\"scoped\">.element-bottomshadow.image-frame-shadow-1{display:inline-block}.element-bottomshadow.imageframe-1:before, .element-bottomshadow.imageframe-1:after{-webkit-box-shadow: 0 17px 10px rgba(44,102,0,0.4);box-shadow: 0 17px 10px rgba(44,102,0,0.4);}<\/style><span class=\"fusion-imageframe imageframe-bottomshadow imageframe-1 element-bottomshadow hover-type-none\"><a href=\"http:\/\/destino-therapie.de\/wp-content\/uploads\/2019\/03\/DSC_1493.jpg\" class=\"fusion-lightbox\" data-rel=\"iLightbox[b8d87fd94f7bbd18699]\" data-title=\"Solveig bei der Mobilisation der Vorhand \u00a9 Birgit H\u00fcbner\" title=\"Solveig bei der Mobilisation der Vorhand \u00a9 Birgit H\u00fcbner\"><img decoding=\"async\" loading=\"lazy\" src=\"http:\/\/destino-therapie.de\/wp-content\/uploads\/2019\/03\/DSC_1493.jpg\" width=\"\" height=\"\" alt=\"Solveig bei der Mobilisation der Vorhand\u00a9 Birgit H\u00fcbner\" class=\"img-responsive wp-image-538\" srcset=\"https:\/\/destino-therapie.de\/wp-content\/uploads\/2019\/03\/DSC_1493-200x302.jpg 200w, https:\/\/destino-therapie.de\/wp-content\/uploads\/2019\/03\/DSC_1493-400x604.jpg 400w, https:\/\/destino-therapie.de\/wp-content\/uploads\/2019\/03\/DSC_1493-600x906.jpg 600w, https:\/\/destino-therapie.de\/wp-content\/uploads\/2019\/03\/DSC_1493-800x1208.jpg 800w, https:\/\/destino-therapie.de\/wp-content\/uploads\/2019\/03\/DSC_1493-1200x1812.jpg 1200w, https:\/\/destino-therapie.de\/wp-content\/uploads\/2019\/03\/DSC_1493.jpg 3264w\" sizes=\"(max-width: 750px) 100vw, 400px\" \/><\/a><\/span><\/div><\/div><div class=\"fusion-section-separator section-separator\" style=\"padding:0;margin-left:-0px;margin-right:-0px;\"><svg id=\"curvedCandy\" xmlns=\"http:\/\/www.w3.org\/2000\/svg\" version=\"1.1\" width=\"100%\" height=\"100\" viewBox=\"0 0 100 100\" preserveAspectRatio=\"none\" style=\"fill:rgba(246,246,246,0);padding:0;\"><path d=\"M0 100 C 20 0 50 0 100 100 Z\"><\/path><\/svg><\/div><div class=\"imageframe-align-center\"><div class=\"fusion-image-frame-bottomshadow image-frame-shadow-2\"><style scoped=\"scoped\">.element-bottomshadow.image-frame-shadow-2{display:inline-block}.element-bottomshadow.imageframe-2:before, .element-bottomshadow.imageframe-2:after{-webkit-box-shadow: 0 17px 10px rgba(44,102,0,0.4);box-shadow: 0 17px 10px rgba(44,102,0,0.4);}<\/style><span class=\"fusion-imageframe imageframe-bottomshadow imageframe-2 element-bottomshadow hover-type-none\"><a href=\"http:\/\/destino-therapie.de\/wp-content\/uploads\/2019\/01\/DSC_9243-1000-400x604.jpg\" class=\"fusion-lightbox\" data-rel=\"iLightbox[fc8a380d1620dc44ff2]\" data-title=\"Behandlung und Testung\u00a9Herold H\u00fcbner\" title=\"Behandlung und Testung\u00a9Herold H\u00fcbner\"><img decoding=\"async\" loading=\"lazy\" src=\"http:\/\/destino-therapie.de\/wp-content\/uploads\/2019\/01\/DSC_9243-1000-400x604.jpg\" width=\"400\" height=\"604\" alt=\"Behandlung und Testung\u00a9Herold H\u00fcbner\" class=\"img-responsive wp-image-256\" srcset=\"https:\/\/destino-therapie.de\/wp-content\/uploads\/2019\/01\/DSC_9243-1000-200x302.jpg 200w, https:\/\/destino-therapie.de\/wp-content\/uploads\/2019\/01\/DSC_9243-1000-400x604.jpg 400w, https:\/\/destino-therapie.de\/wp-content\/uploads\/2019\/01\/DSC_9243-1000-600x906.jpg 600w, https:\/\/destino-therapie.de\/wp-content\/uploads\/2019\/01\/DSC_9243-1000.jpg 662w\" sizes=\"(max-width: 750px) 100vw, 400px\" \/><\/a><\/span><\/div><\/div><div class=\"fusion-section-separator section-separator\" style=\"padding:0;margin-left:-0px;margin-right:-0px;\"><svg id=\"curvedCandy\" xmlns=\"http:\/\/www.w3.org\/2000\/svg\" version=\"1.1\" width=\"100%\" height=\"100\" viewBox=\"0 0 100 100\" preserveAspectRatio=\"none\" style=\"fill:rgba(246,246,246,0);padding:0;\"><path d=\"M0 100 C 20 0 50 0 100 100 Z\"><\/path><\/svg><\/div><div class=\"imageframe-align-center\"><div class=\"fusion-image-frame-bottomshadow image-frame-shadow-3\"><style scoped=\"scoped\">.element-bottomshadow.image-frame-shadow-3{display:inline-block}.element-bottomshadow.imageframe-3:before, .element-bottomshadow.imageframe-3:after{-webkit-box-shadow: 0 17px 10px rgba(44,102,0,0.4);box-shadow: 0 17px 10px rgba(44,102,0,0.4);}<\/style><span class=\"fusion-imageframe imageframe-bottomshadow imageframe-3 element-bottomshadow hover-type-none\"><a href=\"http:\/\/destino-therapie.de\/wp-content\/uploads\/2019\/01\/IMG-20180804-WA0012-1000-400x600.jpg\" class=\"fusion-lightbox\" data-rel=\"iLightbox[1252e4669e7832ef9ea]\" data-title=\"Entspannung w\u00e4hrend der Behandlung \u00a9Franziska Jessen\" title=\"Entspannung w\u00e4hrend der Behandlung \u00a9Franziska Jessen\"><img decoding=\"async\" loading=\"lazy\" src=\"http:\/\/destino-therapie.de\/wp-content\/uploads\/2019\/01\/IMG-20180804-WA0012-1000-400x600.jpg\" width=\"400\" height=\"600\" alt=\"Entspannung w\u00e4hrend der Behandlung \u00a9Franziska Jessen\" class=\"img-responsive wp-image-263\" srcset=\"https:\/\/destino-therapie.de\/wp-content\/uploads\/2019\/01\/IMG-20180804-WA0012-1000-200x300.jpg 200w, https:\/\/destino-therapie.de\/wp-content\/uploads\/2019\/01\/IMG-20180804-WA0012-1000-400x600.jpg 400w, https:\/\/destino-therapie.de\/wp-content\/uploads\/2019\/01\/IMG-20180804-WA0012-1000-600x900.jpg 600w, https:\/\/destino-therapie.de\/wp-content\/uploads\/2019\/01\/IMG-20180804-WA0012-1000.jpg 667w\" sizes=\"(max-width: 750px) 100vw, 400px\" \/><\/a><\/span><\/div><\/div><div class=\"fusion-section-separator section-separator\" style=\"padding:0;margin-left:-0px;margin-right:-0px;\"><svg id=\"curvedCandy\" xmlns=\"http:\/\/www.w3.org\/2000\/svg\" version=\"1.1\" width=\"100%\" height=\"100\" viewBox=\"0 0 100 100\" preserveAspectRatio=\"none\" style=\"fill:rgba(246,246,246,0);padding:0;\"><path d=\"M0 100 C 20 0 50 0 100 100 Z\"><\/path><\/svg><\/div><\/div><\/div><div class=\"fusion-clearfix\"><\/div>\n\n\t\t\t\t\t<\/div>\n\t\t\t\t<\/div><\/div><\/div><\/p>\n","protected":false},"excerpt":{"rendered":"","protected":false},"author":1,"featured_media":0,"parent":0,"menu_order":0,"comment_status":"closed","ping_status":"closed","template":"","meta":[],"_links":{"self":[{"href":"https:\/\/destino-therapie.de\/index.php?rest_route=\/wp\/v2\/pages\/10"}],"collection":[{"href":"https:\/\/destino-therapie.de\/index.php?rest_route=\/wp\/v2\/pages"}],"about":[{"href":"https:\/\/destino-therapie.de\/index.php?rest_route=\/wp\/v2\/types\/page"}],"author":[{"embeddable":true,"href":"https:\/\/destino-therapie.de\/index.php?rest_route=\/wp\/v2\/users\/1"}],"replies":[{"embeddable":true,"href":"https:\/\/destino-therapie.de\/index.php?rest_route=%2Fwp%2Fv2%2Fcomments&post=10"}],"version-history":[{"count":51,"href":"https:\/\/destino-therapie.de\/index.php?rest_route=\/wp\/v2\/pages\/10\/revisions"}],"predecessor-version":[{"id":597,"href":"https:\/\/destino-therapie.de\/index.php?rest_route=\/wp\/v2\/pages\/10\/revisions\/597"}],"wp:attachment":[{"href":"https:\/\/destino-therapie.de\/index.php?rest_route=%2Fwp%2Fv2%2Fmedia&parent=10"}],"curies":[{"name":"wp","href":"https:\/\/api.w.org\/{rel}","templated":true}]}}